{"id":9922,"date":"2025-11-19T14:10:51","date_gmt":"2025-11-19T17:10:51","guid":{"rendered":"https:\/\/hydroglass.com.ar\/clientes\/?post_type=product&#038;p=9922"},"modified":"2026-03-06T11:39:21","modified_gmt":"2026-03-06T14:39:21","slug":"kit-de-muestra-accesorios-groovy","status":"publish","type":"product","link":"https:\/\/hydroglass.com.ar\/clientes\/producto\/kit-de-muestra-accesorios-groovy\/","title":{"rendered":"Kit de Muestra Accesorios Groovy"},"content":{"rendered":"<p data-start=\"142\" data-end=\"478\">Presentamos el <strong data-start=\"157\" data-end=\"183\">Kit de Muestras Groovy<\/strong>, ideal para clientes que quieran incorporar r\u00e1pidamente una variedad de accesorios a sus locales. Este kit incluye una selecci\u00f3n de los productos m\u00e1s vendidos, permitiendo ofrecer diferentes modelos, colores y materiales desde el primer d\u00eda y potenciar las ventas de manera inmediata.<\/p>\n<p data-start=\"480\" data-end=\"500\"><strong data-start=\"480\" data-end=\"500\">La caja incluye:<\/strong><\/p>\n<ul data-start=\"501\" data-end=\"831\">\n<li data-start=\"501\" data-end=\"518\">\n<p data-start=\"503\" data-end=\"518\">Cargador para Auto &#8211; Velocity Azul<\/p>\n<\/li>\n<li data-start=\"538\" data-end=\"555\">\n<p data-start=\"540\" data-end=\"555\">Soporte para Celular de Auto con Ventosa &#8211;\u00a0 Stick<\/p>\n<\/li>\n<li data-start=\"556\" data-end=\"572\">\n<p data-start=\"558\" data-end=\"572\">Soporte para Celular de Auto con Sujeci\u00f3n &#8211;\u00a0 Aero<\/p>\n<\/li>\n<li data-start=\"597\" data-end=\"621\">\n<p data-start=\"599\" data-end=\"621\">Auricular Bluetooth InPods &#8211; S41 Blanco<\/p>\n<\/li>\n<li data-start=\"622\" data-end=\"645\">\n<p data-start=\"624\" data-end=\"645\">Auricular Bluetooth InPods &#8211; S31 Negro<\/p>\n<\/li>\n<li data-start=\"671\" data-end=\"689\">\n<p data-start=\"673\" data-end=\"689\">Auricular Bluetooth InPods &#8211; Flow<\/p>\n<\/li>\n<li data-start=\"690\" data-end=\"728\">\n<p data-start=\"692\" data-end=\"728\">Cargador de Pared 20W &#8211; Groovy FASTX<\/p>\n<\/li>\n<li data-start=\"729\" data-end=\"767\">\n<p data-start=\"731\" data-end=\"767\">Cargador de Pared 45W &#8211; Groovy FASTX+<\/p>\n<\/li>\n<li data-start=\"768\" data-end=\"800\">\n<p data-start=\"770\" data-end=\"800\">Cable de Silicona L\u00edquida &#8211; C to C (Blanco)<\/p>\n<\/li>\n<\/ul>\n<p data-start=\"833\" data-end=\"966\">Ideal para comercios y distribuidores que buscan comenzar a trabajar con la marca y sumar nuevas ventas en sus locales.<\/p>\n<p data-start=\"833\" data-end=\"966\">*Todos los productos incluyen packaging exclusivo*<\/p>\n","protected":false},"excerpt":{"rendered":"<p>Presentamos el Kit de Muestras Groovy, ideal para clientes que quieran incorporar r\u00e1pidamente una variedad de accesorios a sus locales. Este kit incluye una selecci\u00f3n de los productos m\u00e1s vendidos, permitiendo ofrecer diferentes modelos, colores y materiales desde el primer d\u00eda y potenciar las ventas de manera inmediata. La caja incluye: Cargador para Auto &#8211; [&hellip;]<\/p>\n","protected":false},"featured_media":9923,"template":"","meta":{"_acf_changed":false},"product_brand":[],"product_cat":[29,102],"product_tag":[],"class_list":{"0":"post-9922","1":"product","2":"type-product","3":"status-publish","4":"has-post-thumbnail","6":"product_cat-accesorios","7":"product_cat-groovy","9":"first","10":"instock","11":"sold-individually","12":"taxable","13":"shipping-taxable","14":"product-type-simple"},"acf":[],"_links":{"self":[{"href":"https:\/\/hydroglass.com.ar\/clientes\/wp-json\/wp\/v2\/product\/9922","targetHints":{"allow":["GET"]}}],"collection":[{"href":"https:\/\/hydroglass.com.ar\/clientes\/wp-json\/wp\/v2\/product"}],"about":[{"href":"https:\/\/hydroglass.com.ar\/clientes\/wp-json\/wp\/v2\/types\/product"}],"wp:featuredmedia":[{"embeddable":true,"href":"https:\/\/hydroglass.com.ar\/clientes\/wp-json\/wp\/v2\/media\/9923"}],"wp:attachment":[{"href":"https:\/\/hydroglass.com.ar\/clientes\/wp-json\/wp\/v2\/media?parent=9922"}],"wp:term":[{"taxonomy":"product_brand","embeddable":true,"href":"https:\/\/hydroglass.com.ar\/clientes\/wp-json\/wp\/v2\/product_brand?post=9922"},{"taxonomy":"product_cat","embeddable":true,"href":"https:\/\/hydroglass.com.ar\/clientes\/wp-json\/wp\/v2\/product_cat?post=9922"},{"taxonomy":"product_tag","embeddable":true,"href":"https:\/\/hydroglass.com.ar\/clientes\/wp-json\/wp\/v2\/product_tag?post=9922"}],"curies":[{"name":"wp","href":"https:\/\/api.w.org\/{rel}","templated":true}]}}