{"id":7635,"date":"2024-03-10T02:40:55","date_gmt":"2024-03-10T05:40:55","guid":{"rendered":"https:\/\/hydroglass.com.ar\/clientes\/?post_type=product&#038;p=7635"},"modified":"2026-03-16T12:09:17","modified_gmt":"2026-03-16T15:09:17","slug":"folded-25-laminas","status":"publish","type":"product","link":"https:\/\/hydroglass.com.ar\/clientes\/producto\/folded-25-laminas\/","title":{"rendered":"Folded &#8211; 25 L\u00e1minas"},"content":{"rendered":"<p>La l\u00e1mina FOLDED de Hydroglass ha sido especialmente dise\u00f1ada para adaptarse a la perfecci\u00f3n a <strong>pantallas curvas y plegables de gran tama\u00f1o<\/strong>. Tambi\u00e9n<strong> permite utilizar el tipo de corte 360\u00b0<\/strong> para brindar protecci\u00f3n completa a dispositivos. Su dise\u00f1o innovador permite una instalaci\u00f3n sencilla y sin burbujas, asegurando que el equipo mantenga su funcionalidad y claridad original.<\/p>\n","protected":false},"excerpt":{"rendered":"<p>Para pantallas curvas y plegables de gran formato. Permite cortes 360 para una protecci\u00f3n completa del dispositivo.<\/p>\n","protected":false},"featured_media":7636,"template":"","meta":{"_acf_changed":false},"product_brand":[103],"product_cat":[28],"product_tag":[],"class_list":{"0":"post-7635","1":"product","2":"type-product","3":"status-publish","4":"has-post-thumbnail","6":"product_brand-hydroglass","7":"product_cat-lamina-para-celulares","9":"first","10":"instock","11":"sale","12":"taxable","13":"shipping-taxable","14":"product-type-simple"},"acf":[],"_links":{"self":[{"href":"https:\/\/hydroglass.com.ar\/clientes\/wp-json\/wp\/v2\/product\/7635","targetHints":{"allow":["GET"]}}],"collection":[{"href":"https:\/\/hydroglass.com.ar\/clientes\/wp-json\/wp\/v2\/product"}],"about":[{"href":"https:\/\/hydroglass.com.ar\/clientes\/wp-json\/wp\/v2\/types\/product"}],"wp:featuredmedia":[{"embeddable":true,"href":"https:\/\/hydroglass.com.ar\/clientes\/wp-json\/wp\/v2\/media\/7636"}],"wp:attachment":[{"href":"https:\/\/hydroglass.com.ar\/clientes\/wp-json\/wp\/v2\/media?parent=7635"}],"wp:term":[{"taxonomy":"product_brand","embeddable":true,"href":"https:\/\/hydroglass.com.ar\/clientes\/wp-json\/wp\/v2\/product_brand?post=7635"},{"taxonomy":"product_cat","embeddable":true,"href":"https:\/\/hydroglass.com.ar\/clientes\/wp-json\/wp\/v2\/product_cat?post=7635"},{"taxonomy":"product_tag","embeddable":true,"href":"https:\/\/hydroglass.com.ar\/clientes\/wp-json\/wp\/v2\/product_tag?post=7635"}],"curies":[{"name":"wp","href":"https:\/\/api.w.org\/{rel}","templated":true}]}}