{"id":2774,"date":"2024-04-09T12:49:33","date_gmt":"2024-04-09T15:49:33","guid":{"rendered":"https:\/\/hydroglass.com.ar\/clientes\/?post_type=product&#038;p=2774"},"modified":"2026-03-07T14:07:03","modified_gmt":"2026-03-07T17:07:03","slug":"hydrotool","status":"publish","type":"product","link":"https:\/\/hydroglass.com.ar\/clientes\/producto\/hydrotool\/","title":{"rendered":"Hydrotool"},"content":{"rendered":"","protected":false},"excerpt":{"rendered":"<p>Herramienta exclusiva de doble punta, dise\u00f1ada para el trabajo fino de preparaci\u00f3n. Permite despegar y despuntar el film de forma \u00e1gil, evitando el contacto de los dedos con el adhesivo para garantizar una instalaci\u00f3n 100% impecable. Cuenta con un grip central antideslizante para un manejo seguro. Ideal para: retirar capas protectoras, despuntar recortes peque\u00f1os (c\u00e1maras o parlantes) y levantar bordes f\u00e1cilmente.<\/p>\n","protected":false},"featured_media":9815,"template":"","meta":{"_acf_changed":false},"product_brand":[],"product_cat":[29],"product_tag":[],"class_list":{"0":"post-2774","1":"product","2":"type-product","3":"status-publish","4":"has-post-thumbnail","6":"product_cat-accesorios","8":"first","9":"instock","10":"taxable","11":"shipping-taxable","12":"product-type-simple"},"acf":[],"_links":{"self":[{"href":"https:\/\/hydroglass.com.ar\/clientes\/wp-json\/wp\/v2\/product\/2774","targetHints":{"allow":["GET"]}}],"collection":[{"href":"https:\/\/hydroglass.com.ar\/clientes\/wp-json\/wp\/v2\/product"}],"about":[{"href":"https:\/\/hydroglass.com.ar\/clientes\/wp-json\/wp\/v2\/types\/product"}],"wp:featuredmedia":[{"embeddable":true,"href":"https:\/\/hydroglass.com.ar\/clientes\/wp-json\/wp\/v2\/media\/9815"}],"wp:attachment":[{"href":"https:\/\/hydroglass.com.ar\/clientes\/wp-json\/wp\/v2\/media?parent=2774"}],"wp:term":[{"taxonomy":"product_brand","embeddable":true,"href":"https:\/\/hydroglass.com.ar\/clientes\/wp-json\/wp\/v2\/product_brand?post=2774"},{"taxonomy":"product_cat","embeddable":true,"href":"https:\/\/hydroglass.com.ar\/clientes\/wp-json\/wp\/v2\/product_cat?post=2774"},{"taxonomy":"product_tag","embeddable":true,"href":"https:\/\/hydroglass.com.ar\/clientes\/wp-json\/wp\/v2\/product_tag?post=2774"}],"curies":[{"name":"wp","href":"https:\/\/api.w.org\/{rel}","templated":true}]}}