{"id":2064,"date":"2024-03-14T23:53:39","date_gmt":"2024-03-15T02:53:39","guid":{"rendered":"https:\/\/hydroglass.com.ar\/clientes\/?post_type=product&#038;p=2064"},"modified":"2026-03-07T14:04:29","modified_gmt":"2026-03-07T17:04:29","slug":"espatula-tablet","status":"publish","type":"product","link":"https:\/\/hydroglass.com.ar\/clientes\/producto\/espatula-tablet\/","title":{"rendered":"Espatula Tablet"},"content":{"rendered":"","protected":false},"excerpt":{"rendered":"<p>Esp\u00e1tula de colocaci\u00f3n XL de 18 cm, dise\u00f1ada espec\u00edficamente para optimizar la instalaci\u00f3n de films en pantallas de gran formato. Su longitud permite abarcar una mayor superficie en cada pasada, garantizando un barrido uniforme, r\u00e1pido y libre de burbujas. Ideal para: Tablets, iPads, e-readers (Kindle), pantallas de veh\u00edculos y consolas port\u00e1tiles.<\/p>\n","protected":false},"featured_media":10588,"template":"","meta":{"_acf_changed":false},"product_brand":[],"product_cat":[29],"product_tag":[],"class_list":{"0":"post-2064","1":"product","2":"type-product","3":"status-publish","4":"has-post-thumbnail","6":"product_cat-accesorios","8":"first","9":"instock","10":"taxable","11":"shipping-taxable","12":"product-type-simple"},"acf":[],"_links":{"self":[{"href":"https:\/\/hydroglass.com.ar\/clientes\/wp-json\/wp\/v2\/product\/2064","targetHints":{"allow":["GET"]}}],"collection":[{"href":"https:\/\/hydroglass.com.ar\/clientes\/wp-json\/wp\/v2\/product"}],"about":[{"href":"https:\/\/hydroglass.com.ar\/clientes\/wp-json\/wp\/v2\/types\/product"}],"wp:featuredmedia":[{"embeddable":true,"href":"https:\/\/hydroglass.com.ar\/clientes\/wp-json\/wp\/v2\/media\/10588"}],"wp:attachment":[{"href":"https:\/\/hydroglass.com.ar\/clientes\/wp-json\/wp\/v2\/media?parent=2064"}],"wp:term":[{"taxonomy":"product_brand","embeddable":true,"href":"https:\/\/hydroglass.com.ar\/clientes\/wp-json\/wp\/v2\/product_brand?post=2064"},{"taxonomy":"product_cat","embeddable":true,"href":"https:\/\/hydroglass.com.ar\/clientes\/wp-json\/wp\/v2\/product_cat?post=2064"},{"taxonomy":"product_tag","embeddable":true,"href":"https:\/\/hydroglass.com.ar\/clientes\/wp-json\/wp\/v2\/product_tag?post=2064"}],"curies":[{"name":"wp","href":"https:\/\/api.w.org\/{rel}","templated":true}]}}