{"id":2062,"date":"2024-03-14T23:53:39","date_gmt":"2024-03-15T02:53:39","guid":{"rendered":"https:\/\/hydroglass.com.ar\/clientes\/?post_type=product&#038;p=2062"},"modified":"2026-03-07T14:05:47","modified_gmt":"2026-03-07T17:05:47","slug":"pad","status":"publish","type":"product","link":"https:\/\/hydroglass.com.ar\/clientes\/producto\/pad\/","title":{"rendered":"Pad Antideslizante"},"content":{"rendered":"","protected":false},"excerpt":{"rendered":"<p>El complemento perfecto para garantizar una colocaci\u00f3n segura y precisa en el punto de venta. Este pad, fabricado en material de alta adherencia, evita que el dispositivo se mueva sobre el mostrador durante el proceso de limpieza y la instalaci\u00f3n del film. Su dise\u00f1o con textura de micropuntos asegura un agarre firme del equipo, protegiendo al mismo tiempo las lentes de las c\u00e1maras y la carcasa de posibles rayones contra la mesa. Brinda la estabilidad necesaria al momento de pasar la esp\u00e1tula, facilitando una aplicaci\u00f3n recta y sin errores. Adem\u00e1s, delimita el \u00e1rea de trabajo aportando una imagen limpia, cuidada y profesional frente al cliente.<br \/>\nMedidas: 30 x 25 cm.<\/p>\n","protected":false},"featured_media":9817,"template":"","meta":{"_acf_changed":false},"product_brand":[],"product_cat":[29],"product_tag":[],"class_list":{"0":"post-2062","1":"product","2":"type-product","3":"status-publish","4":"has-post-thumbnail","6":"product_cat-accesorios","8":"first","9":"instock","10":"taxable","11":"shipping-taxable","12":"product-type-simple"},"acf":[],"_links":{"self":[{"href":"https:\/\/hydroglass.com.ar\/clientes\/wp-json\/wp\/v2\/product\/2062","targetHints":{"allow":["GET"]}}],"collection":[{"href":"https:\/\/hydroglass.com.ar\/clientes\/wp-json\/wp\/v2\/product"}],"about":[{"href":"https:\/\/hydroglass.com.ar\/clientes\/wp-json\/wp\/v2\/types\/product"}],"wp:featuredmedia":[{"embeddable":true,"href":"https:\/\/hydroglass.com.ar\/clientes\/wp-json\/wp\/v2\/media\/9817"}],"wp:attachment":[{"href":"https:\/\/hydroglass.com.ar\/clientes\/wp-json\/wp\/v2\/media?parent=2062"}],"wp:term":[{"taxonomy":"product_brand","embeddable":true,"href":"https:\/\/hydroglass.com.ar\/clientes\/wp-json\/wp\/v2\/product_brand?post=2062"},{"taxonomy":"product_cat","embeddable":true,"href":"https:\/\/hydroglass.com.ar\/clientes\/wp-json\/wp\/v2\/product_cat?post=2062"},{"taxonomy":"product_tag","embeddable":true,"href":"https:\/\/hydroglass.com.ar\/clientes\/wp-json\/wp\/v2\/product_tag?post=2062"}],"curies":[{"name":"wp","href":"https:\/\/api.w.org\/{rel}","templated":true}]}}