{"id":1672,"date":"2024-03-10T02:17:16","date_gmt":"2024-03-10T05:17:16","guid":{"rendered":"https:\/\/hydroglass.com.ar\/clientes\/?post_type=product&#038;p=1672"},"modified":"2026-03-16T12:12:04","modified_gmt":"2026-03-16T15:12:04","slug":"clear-tablet-25-laminas","status":"publish","type":"product","link":"https:\/\/hydroglass.com.ar\/clientes\/producto\/clear-tablet-25-laminas\/","title":{"rendered":"Clear Tablet &#8211; 25 L\u00e1minas"},"content":{"rendered":"<p data-path-to-node=\"3\"><b data-path-to-node=\"3\" data-index-in-node=\"3\">Nuestra Tablet Clear<\/b> est\u00e1 dise\u00f1ada para quienes no quieren elegir entre seguridad y experiencia. Es una l\u00e1mina de cobertura total que redefine lo que significa proteger una pantalla: ofrece un blindaje completo pero con una transparencia HD que parece que no hay nada puesto.<\/p>\n<p data-path-to-node=\"4\">Lo que realmente la diferencia es su <b data-path-to-node=\"4\" data-index-in-node=\"37\">respuesta t\u00e1ctil<\/b>. Es la opci\u00f3n preferida de dise\u00f1adores, artistas y gamers porque mantiene la fluidez original del touchscreen y funciona a la perfecci\u00f3n con l\u00e1pices \u00f3pticos. No importa si est\u00e1n ilustrando, editando o jugando, la precisi\u00f3n es excelente.<\/p>\n<p data-path-to-node=\"5\">Adem\u00e1s, es una soluci\u00f3n todoterreno. Su versatilidad la hace ideal no solo para tablets, sino tambi\u00e9n para <b data-path-to-node=\"5\" data-index-in-node=\"107\">pantallas de GPS de autos<\/b> y cualquier panel digital de hasta <b data-path-to-node=\"5\" data-index-in-node=\"168\">11 pulgadas<\/b>. Con <b data-path-to-node=\"5\" data-index-in-node=\"185\">Hydroglass<\/b>, tus clientes protegen sus equipos m\u00e1s exigentes sin sacrificar ni un \u00e1pice de brillo, color o sensibilidad.<\/p>\n","protected":false},"excerpt":{"rendered":"<div class=\"elementor-element elementor-element-0e8e307 elementor-widget elementor-widget-text-editor\" data-id=\"0e8e307\" data-element_type=\"widget\" data-widget_type=\"text-editor.default\">\n<div class=\"elementor-widget-container\">\n<p>Protecci\u00f3n HD invisible para pantallas de hasta 11&#8243;. Resistente a impactos con cobertura total.<\/p>\n<\/div>\n<\/div>\n<div class=\"elementor-element elementor-element-6e9c881 elementor-widget elementor-widget-gallery\" data-id=\"6e9c881\" data-element_type=\"widget\" data-settings=\"{&quot;columns&quot;:7,&quot;aspect_ratio&quot;:&quot;1:1&quot;,&quot;overlay_title&quot;:&quot;title&quot;,&quot;background_overlay_hover_animation&quot;:&quot;enter-zoom-in&quot;,&quot;columns_mobile&quot;:4,&quot;lazyload&quot;:&quot;yes&quot;,&quot;gallery_layout&quot;:&quot;grid&quot;,&quot;columns_tablet&quot;:2,&quot;gap&quot;:{&quot;unit&quot;:&quot;px&quot;,&quot;size&quot;:10,&quot;sizes&quot;:[]},&quot;gap_tablet&quot;:{&quot;unit&quot;:&quot;px&quot;,&quot;size&quot;:10,&quot;sizes&quot;:[]},&quot;gap_mobile&quot;:{&quot;unit&quot;:&quot;px&quot;,&quot;size&quot;:10,&quot;sizes&quot;:[]},&quot;overlay_background&quot;:&quot;yes&quot;,&quot;content_hover_animation&quot;:&quot;fade-in&quot;}\" data-widget_type=\"gallery.default\">\n<div class=\"elementor-widget-container\">\n<div class=\"elementor-gallery__container e-gallery-container e-gallery-grid e-gallery--ltr e-gallery--lazyload\">\n<div class=\"e-gallery-item elementor-gallery-item elementor-animated-content\" tabindex=\"0\"><\/div>\n<\/div>\n<\/div>\n<\/div>\n","protected":false},"featured_media":3611,"template":"","meta":{"_acf_changed":false},"product_brand":[103],"product_cat":[30],"product_tag":[],"class_list":{"0":"post-1672","1":"product","2":"type-product","3":"status-publish","4":"has-post-thumbnail","6":"product_brand-hydroglass","7":"product_cat-lamina-para-tablet","9":"first","10":"instock","11":"taxable","12":"shipping-taxable","13":"product-type-simple"},"acf":[],"_links":{"self":[{"href":"https:\/\/hydroglass.com.ar\/clientes\/wp-json\/wp\/v2\/product\/1672","targetHints":{"allow":["GET"]}}],"collection":[{"href":"https:\/\/hydroglass.com.ar\/clientes\/wp-json\/wp\/v2\/product"}],"about":[{"href":"https:\/\/hydroglass.com.ar\/clientes\/wp-json\/wp\/v2\/types\/product"}],"wp:featuredmedia":[{"embeddable":true,"href":"https:\/\/hydroglass.com.ar\/clientes\/wp-json\/wp\/v2\/media\/3611"}],"wp:attachment":[{"href":"https:\/\/hydroglass.com.ar\/clientes\/wp-json\/wp\/v2\/media?parent=1672"}],"wp:term":[{"taxonomy":"product_brand","embeddable":true,"href":"https:\/\/hydroglass.com.ar\/clientes\/wp-json\/wp\/v2\/product_brand?post=1672"},{"taxonomy":"product_cat","embeddable":true,"href":"https:\/\/hydroglass.com.ar\/clientes\/wp-json\/wp\/v2\/product_cat?post=1672"},{"taxonomy":"product_tag","embeddable":true,"href":"https:\/\/hydroglass.com.ar\/clientes\/wp-json\/wp\/v2\/product_tag?post=1672"}],"curies":[{"name":"wp","href":"https:\/\/api.w.org\/{rel}","templated":true}]}}