{"id":1671,"date":"2024-03-10T02:13:26","date_gmt":"2024-03-10T05:13:26","guid":{"rendered":"https:\/\/hydroglass.com.ar\/clientes\/?post_type=product&#038;p=1671"},"modified":"2026-03-07T14:00:35","modified_gmt":"2026-03-07T17:00:35","slug":"curved-hd-25-laminas","status":"publish","type":"product","link":"https:\/\/hydroglass.com.ar\/clientes\/producto\/curved-hd-25-laminas\/","title":{"rendered":"Curved HD &#8211; 25 L\u00e1minas"},"content":{"rendered":"<p>La l\u00e1mina CURVED de Hydroglass ha sido especialmente dise\u00f1ada para adaptarse a la perfecci\u00f3n a pantallas curvas y plegables. Gracias a su <strong>mayor adhesi\u00f3n<\/strong>, la l\u00e1mina se mantiene en su lugar <strong>sin importar las curvas o pliegues del dispositivo<\/strong>, brindando una protecci\u00f3n sin igual ante impactos<br \/>\ny rayones y con un acabado Ultra HD. Ideal para la linea Flip de Samsung o Razr de Motorola.<\/p>\n","protected":false},"excerpt":{"rendered":"<p>Protecci\u00f3n especialmente dise\u00f1ada para pantallas curvas y plegables. Se adhiere perfectamente sin importar la forma del dispositivo.<\/p>\n","protected":false},"featured_media":8554,"template":"","meta":{"_acf_changed":false},"product_brand":[103],"product_cat":[28],"product_tag":[],"class_list":{"0":"post-1671","1":"product","2":"type-product","3":"status-publish","4":"has-post-thumbnail","6":"product_brand-hydroglass","7":"product_cat-lamina-para-celulares","9":"first","10":"instock","11":"sale","12":"taxable","13":"shipping-taxable","14":"product-type-simple"},"acf":[],"_links":{"self":[{"href":"https:\/\/hydroglass.com.ar\/clientes\/wp-json\/wp\/v2\/product\/1671","targetHints":{"allow":["GET"]}}],"collection":[{"href":"https:\/\/hydroglass.com.ar\/clientes\/wp-json\/wp\/v2\/product"}],"about":[{"href":"https:\/\/hydroglass.com.ar\/clientes\/wp-json\/wp\/v2\/types\/product"}],"wp:featuredmedia":[{"embeddable":true,"href":"https:\/\/hydroglass.com.ar\/clientes\/wp-json\/wp\/v2\/media\/8554"}],"wp:attachment":[{"href":"https:\/\/hydroglass.com.ar\/clientes\/wp-json\/wp\/v2\/media?parent=1671"}],"wp:term":[{"taxonomy":"product_brand","embeddable":true,"href":"https:\/\/hydroglass.com.ar\/clientes\/wp-json\/wp\/v2\/product_brand?post=1671"},{"taxonomy":"product_cat","embeddable":true,"href":"https:\/\/hydroglass.com.ar\/clientes\/wp-json\/wp\/v2\/product_cat?post=1671"},{"taxonomy":"product_tag","embeddable":true,"href":"https:\/\/hydroglass.com.ar\/clientes\/wp-json\/wp\/v2\/product_tag?post=1671"}],"curies":[{"name":"wp","href":"https:\/\/api.w.org\/{rel}","templated":true}]}}