{"id":1669,"date":"2024-03-10T02:10:40","date_gmt":"2024-03-10T05:10:40","guid":{"rendered":"https:\/\/hydroglass.com.ar\/clientes\/?post_type=product&#038;p=1669"},"modified":"2026-03-16T12:12:27","modified_gmt":"2026-03-16T15:12:27","slug":"anti-espia-matte-25-laminas","status":"publish","type":"product","link":"https:\/\/hydroglass.com.ar\/clientes\/producto\/anti-espia-matte-25-laminas\/","title":{"rendered":"Premium Anti Esp\u00eda Matte &#8211; 25 L\u00e1minas"},"content":{"rendered":"<p><strong>Presentaci\u00f3n:<\/strong><br \/>\nPack de 25 unidades<\/p>\n<p><strong>Ideal para:<\/strong><\/p>\n<ul>\n<li>Cualquier cliente que desee proteger el contenido de su pantalla de la vista de otros clientes.<\/li>\n<li>Valore el acabado Matte<\/li>\n<li>No utilice la huella en pantalla como sistema de desbloqueo<\/li>\n<\/ul>\n<p><strong>Tama\u00f1o m\u00e1ximo de pantalla:<\/strong><br \/>\nHasta 7&#8242;<\/p>\n","protected":false},"excerpt":{"rendered":"<p>La l\u00e1mina Anti Espia bloquea la visi\u00f3n en \u00e1ngulos de 30\u00b0 o mayores, impidiendo que cualquier persona que no est\u00e9 directamente frente a la pantalla pueda ver su contenido.<\/p>\n","protected":false},"featured_media":8553,"template":"","meta":{"_acf_changed":false},"product_brand":[103],"product_cat":[28],"product_tag":[],"class_list":{"0":"post-1669","1":"product","2":"type-product","3":"status-publish","4":"has-post-thumbnail","6":"product_brand-hydroglass","7":"product_cat-lamina-para-celulares","9":"first","10":"instock","11":"taxable","12":"shipping-taxable","13":"product-type-simple"},"acf":[],"_links":{"self":[{"href":"https:\/\/hydroglass.com.ar\/clientes\/wp-json\/wp\/v2\/product\/1669","targetHints":{"allow":["GET"]}}],"collection":[{"href":"https:\/\/hydroglass.com.ar\/clientes\/wp-json\/wp\/v2\/product"}],"about":[{"href":"https:\/\/hydroglass.com.ar\/clientes\/wp-json\/wp\/v2\/types\/product"}],"wp:featuredmedia":[{"embeddable":true,"href":"https:\/\/hydroglass.com.ar\/clientes\/wp-json\/wp\/v2\/media\/8553"}],"wp:attachment":[{"href":"https:\/\/hydroglass.com.ar\/clientes\/wp-json\/wp\/v2\/media?parent=1669"}],"wp:term":[{"taxonomy":"product_brand","embeddable":true,"href":"https:\/\/hydroglass.com.ar\/clientes\/wp-json\/wp\/v2\/product_brand?post=1669"},{"taxonomy":"product_cat","embeddable":true,"href":"https:\/\/hydroglass.com.ar\/clientes\/wp-json\/wp\/v2\/product_cat?post=1669"},{"taxonomy":"product_tag","embeddable":true,"href":"https:\/\/hydroglass.com.ar\/clientes\/wp-json\/wp\/v2\/product_tag?post=1669"}],"curies":[{"name":"wp","href":"https:\/\/api.w.org\/{rel}","templated":true}]}}