{"id":1667,"date":"2024-03-10T02:09:24","date_gmt":"2024-03-10T05:09:24","guid":{"rendered":"https:\/\/hydroglass.com.ar\/clientes\/?post_type=product&#038;p=1667"},"modified":"2026-03-16T12:13:11","modified_gmt":"2026-03-16T15:13:11","slug":"tablet-matte-25-laminas","status":"publish","type":"product","link":"https:\/\/hydroglass.com.ar\/clientes\/producto\/tablet-matte-25-laminas\/","title":{"rendered":"Premium Tablet Matte &#8211; 25 L\u00e1minas"},"content":{"rendered":"<p>Las l\u00e1minas TABLET MATTE son ideales para <strong>proteger la pantalla de marcas, rasgu\u00f1os y huellas dactilares<\/strong>. Su <strong>acabado matte<\/strong> no solo reduce los reflejos, sino que tambi\u00e9n ofrece un <strong>descanso visual<\/strong>. Adem\u00e1s, son flexibles y cubren toda la pantalla, lo que les permite adaptarse a diferentes pantallas y mejorar la absorci\u00f3n de impactos.<\/p>\n","protected":false},"excerpt":{"rendered":"<p>Nuestra protecci\u00f3n para tablets de hasta 11&#8242; ahora disponible en versi\u00f3n Matte, que adem\u00e1s de proteger contra golpes, su acabado impide que queden huellas marcadas en la pantalla.<\/p>\n","protected":false},"featured_media":3614,"template":"","meta":{"_acf_changed":false},"product_brand":[103],"product_cat":[30],"product_tag":[],"class_list":{"0":"post-1667","1":"product","2":"type-product","3":"status-publish","4":"has-post-thumbnail","6":"product_brand-hydroglass","7":"product_cat-lamina-para-tablet","9":"first","10":"instock","11":"sale","12":"taxable","13":"shipping-taxable","14":"product-type-simple"},"acf":[],"_links":{"self":[{"href":"https:\/\/hydroglass.com.ar\/clientes\/wp-json\/wp\/v2\/product\/1667","targetHints":{"allow":["GET"]}}],"collection":[{"href":"https:\/\/hydroglass.com.ar\/clientes\/wp-json\/wp\/v2\/product"}],"about":[{"href":"https:\/\/hydroglass.com.ar\/clientes\/wp-json\/wp\/v2\/types\/product"}],"wp:featuredmedia":[{"embeddable":true,"href":"https:\/\/hydroglass.com.ar\/clientes\/wp-json\/wp\/v2\/media\/3614"}],"wp:attachment":[{"href":"https:\/\/hydroglass.com.ar\/clientes\/wp-json\/wp\/v2\/media?parent=1667"}],"wp:term":[{"taxonomy":"product_brand","embeddable":true,"href":"https:\/\/hydroglass.com.ar\/clientes\/wp-json\/wp\/v2\/product_brand?post=1667"},{"taxonomy":"product_cat","embeddable":true,"href":"https:\/\/hydroglass.com.ar\/clientes\/wp-json\/wp\/v2\/product_cat?post=1667"},{"taxonomy":"product_tag","embeddable":true,"href":"https:\/\/hydroglass.com.ar\/clientes\/wp-json\/wp\/v2\/product_tag?post=1667"}],"curies":[{"name":"wp","href":"https:\/\/api.w.org\/{rel}","templated":true}]}}