{"id":1662,"date":"2024-03-10T01:44:32","date_gmt":"2024-03-10T04:44:32","guid":{"rendered":"https:\/\/hydroglass.com.ar\/clientes\/?post_type=product&#038;p=1662"},"modified":"2026-03-16T12:14:29","modified_gmt":"2026-03-16T15:14:29","slug":"clear-50-laminas","status":"publish","type":"product","link":"https:\/\/hydroglass.com.ar\/clientes\/producto\/clear-50-laminas\/","title":{"rendered":"Clear &#8211; 50 L\u00e1minas"},"content":{"rendered":"<p data-pm-slice=\"1 1 []\">La opci\u00f3n n\u00famero uno en ventas. Dise\u00f1ada para proteger pantallas de <strong>Celulares,<\/strong> <strong>Smartphones, Smartwatches y C\u00e1maras<\/strong>, es la soluci\u00f3n definitiva para los clientes que exigen m\u00e1xima seguridad sin sacrificar la est\u00e9tica original de su equipo. Su superficie extra suave garantiza una sensibilidad t\u00e1ctil perfecta que no afecta los lectores de huella en pantalla ni la definici\u00f3n HD. Es la protecci\u00f3n invisible que se adapta a cualquier curva y dispositivo de uso diario, brindando tranquilidad absoluta con un tacto inigualable.<\/p>\n","protected":false},"excerpt":{"rendered":"<p>Protecci\u00f3n HD invisible y transparente. Resistente a impactos con cobertura total y suave al tacto.<\/p>\n","protected":false},"featured_media":6519,"template":"","meta":{"_acf_changed":false},"product_brand":[103],"product_cat":[28],"product_tag":[],"class_list":{"0":"post-1662","1":"product","2":"type-product","3":"status-publish","4":"has-post-thumbnail","6":"product_brand-hydroglass","7":"product_cat-lamina-para-celulares","9":"first","10":"instock","11":"featured","12":"taxable","13":"shipping-taxable","14":"product-type-simple"},"acf":[],"_links":{"self":[{"href":"https:\/\/hydroglass.com.ar\/clientes\/wp-json\/wp\/v2\/product\/1662","targetHints":{"allow":["GET"]}}],"collection":[{"href":"https:\/\/hydroglass.com.ar\/clientes\/wp-json\/wp\/v2\/product"}],"about":[{"href":"https:\/\/hydroglass.com.ar\/clientes\/wp-json\/wp\/v2\/types\/product"}],"wp:featuredmedia":[{"embeddable":true,"href":"https:\/\/hydroglass.com.ar\/clientes\/wp-json\/wp\/v2\/media\/6519"}],"wp:attachment":[{"href":"https:\/\/hydroglass.com.ar\/clientes\/wp-json\/wp\/v2\/media?parent=1662"}],"wp:term":[{"taxonomy":"product_brand","embeddable":true,"href":"https:\/\/hydroglass.com.ar\/clientes\/wp-json\/wp\/v2\/product_brand?post=1662"},{"taxonomy":"product_cat","embeddable":true,"href":"https:\/\/hydroglass.com.ar\/clientes\/wp-json\/wp\/v2\/product_cat?post=1662"},{"taxonomy":"product_tag","embeddable":true,"href":"https:\/\/hydroglass.com.ar\/clientes\/wp-json\/wp\/v2\/product_tag?post=1662"}],"curies":[{"name":"wp","href":"https:\/\/api.w.org\/{rel}","templated":true}]}}