{"id":10367,"date":"2026-01-27T17:51:41","date_gmt":"2026-01-27T20:51:41","guid":{"rendered":"https:\/\/hydroglass.com.ar\/clientes\/?post_type=product&#038;p=10367"},"modified":"2026-03-07T14:30:52","modified_gmt":"2026-03-07T17:30:52","slug":"cargador-de-pared-45w-groovy-fastx","status":"publish","type":"product","link":"https:\/\/hydroglass.com.ar\/clientes\/producto\/cargador-de-pared-45w-groovy-fastx\/","title":{"rendered":"Cargador de Pared 45W &#8211; Groovy FASTX+"},"content":{"rendered":"<p>FastX+ eleva la potencia a 45W reales con tecnolog\u00eda de carga ultra r\u00e1pida, un puerto USB-C y un puerto USB-A. Dise\u00f1ado para equipos m\u00e1s exigentes, permite cargar celulares, tablets y otros dispositivos de forma segura, con protecci\u00f3n contra sobrecargas.<\/p>\n","protected":false},"excerpt":{"rendered":"<p>FastX+ eleva la potencia a 45W reales con tecnolog\u00eda de carga ultra r\u00e1pida, un puerto USB-C y un puerto USB-A. Dise\u00f1ado para equipos m\u00e1s exigentes, permite cargar celulares, tablets y otros dispositivos de forma segura, con protecci\u00f3n contra sobrecargas.<\/p>\n","protected":false},"featured_media":10376,"template":"","meta":{"_acf_changed":false},"product_brand":[101],"product_cat":[102],"product_tag":[],"class_list":{"0":"post-10367","1":"product","2":"type-product","3":"status-publish","4":"has-post-thumbnail","6":"product_brand-groovy","7":"product_cat-groovy","9":"first","10":"instock","11":"taxable","12":"shipping-taxable","13":"product-type-simple"},"acf":[],"_links":{"self":[{"href":"https:\/\/hydroglass.com.ar\/clientes\/wp-json\/wp\/v2\/product\/10367","targetHints":{"allow":["GET"]}}],"collection":[{"href":"https:\/\/hydroglass.com.ar\/clientes\/wp-json\/wp\/v2\/product"}],"about":[{"href":"https:\/\/hydroglass.com.ar\/clientes\/wp-json\/wp\/v2\/types\/product"}],"wp:featuredmedia":[{"embeddable":true,"href":"https:\/\/hydroglass.com.ar\/clientes\/wp-json\/wp\/v2\/media\/10376"}],"wp:attachment":[{"href":"https:\/\/hydroglass.com.ar\/clientes\/wp-json\/wp\/v2\/media?parent=10367"}],"wp:term":[{"taxonomy":"product_brand","embeddable":true,"href":"https:\/\/hydroglass.com.ar\/clientes\/wp-json\/wp\/v2\/product_brand?post=10367"},{"taxonomy":"product_cat","embeddable":true,"href":"https:\/\/hydroglass.com.ar\/clientes\/wp-json\/wp\/v2\/product_cat?post=10367"},{"taxonomy":"product_tag","embeddable":true,"href":"https:\/\/hydroglass.com.ar\/clientes\/wp-json\/wp\/v2\/product_tag?post=10367"}],"curies":[{"name":"wp","href":"https:\/\/api.w.org\/{rel}","templated":true}]}}