{"id":10366,"date":"2026-01-27T17:50:55","date_gmt":"2026-01-27T20:50:55","guid":{"rendered":"https:\/\/hydroglass.com.ar\/clientes\/?post_type=product&#038;p=10366"},"modified":"2026-03-07T14:31:20","modified_gmt":"2026-03-07T17:31:20","slug":"cargador-de-pared-20w-groovy-fastx","status":"publish","type":"product","link":"https:\/\/hydroglass.com.ar\/clientes\/producto\/cargador-de-pared-20w-groovy-fastx\/","title":{"rendered":"Cargador de Pared 20W &#8211; Groovy FASTX"},"content":{"rendered":"<p>Con un puerto USB-C, un puerto USB-A y tecnolog\u00eda de carga r\u00e1pida, FastX ofrece 20W de potencia real para recargar tus dispositivos en menos tiempo. Su dise\u00f1o compacto y la protecci\u00f3n contra sobrecargas lo convierten en el cargador ideal para el d\u00eda a d\u00eda.<\/p>\n","protected":false},"excerpt":{"rendered":"<p>Con un puerto USB-C, un puerto USB-A y tecnolog\u00eda de carga r\u00e1pida, FastX ofrece 20W de potencia real para recargar tus dispositivos en menos tiempo. Su dise\u00f1o compacto y la protecci\u00f3n contra sobrecargas lo convierten en el cargador ideal para el d\u00eda a d\u00eda.<\/p>\n","protected":false},"featured_media":10368,"template":"","meta":{"_acf_changed":false},"product_brand":[101],"product_cat":[102],"product_tag":[],"class_list":{"0":"post-10366","1":"product","2":"type-product","3":"status-publish","4":"has-post-thumbnail","6":"product_brand-groovy","7":"product_cat-groovy","9":"first","10":"instock","11":"taxable","12":"shipping-taxable","13":"product-type-simple"},"acf":[],"_links":{"self":[{"href":"https:\/\/hydroglass.com.ar\/clientes\/wp-json\/wp\/v2\/product\/10366","targetHints":{"allow":["GET"]}}],"collection":[{"href":"https:\/\/hydroglass.com.ar\/clientes\/wp-json\/wp\/v2\/product"}],"about":[{"href":"https:\/\/hydroglass.com.ar\/clientes\/wp-json\/wp\/v2\/types\/product"}],"wp:featuredmedia":[{"embeddable":true,"href":"https:\/\/hydroglass.com.ar\/clientes\/wp-json\/wp\/v2\/media\/10368"}],"wp:attachment":[{"href":"https:\/\/hydroglass.com.ar\/clientes\/wp-json\/wp\/v2\/media?parent=10366"}],"wp:term":[{"taxonomy":"product_brand","embeddable":true,"href":"https:\/\/hydroglass.com.ar\/clientes\/wp-json\/wp\/v2\/product_brand?post=10366"},{"taxonomy":"product_cat","embeddable":true,"href":"https:\/\/hydroglass.com.ar\/clientes\/wp-json\/wp\/v2\/product_cat?post=10366"},{"taxonomy":"product_tag","embeddable":true,"href":"https:\/\/hydroglass.com.ar\/clientes\/wp-json\/wp\/v2\/product_tag?post=10366"}],"curies":[{"name":"wp","href":"https:\/\/api.w.org\/{rel}","templated":true}]}}