{"id":7633,"date":"2024-12-09T15:02:17","date_gmt":"2024-12-09T18:02:17","guid":{"rendered":"https:\/\/hydroglass.com.ar\/clientes\/?page_id=7633"},"modified":"2026-03-05T21:02:53","modified_gmt":"2026-03-06T00:02:53","slug":"lamina-tablet-matte","status":"publish","type":"page","link":"https:\/\/hydroglass.com.ar\/clientes\/lamina-tablet-matte\/","title":{"rendered":"Tablet Matte"},"content":{"rendered":"\t\t<div data-elementor-type=\"wp-page\" data-elementor-id=\"7633\" class=\"elementor elementor-7633\" data-elementor-post-type=\"page\">\n\t\t\t\t<div class=\"elementor-element elementor-element-e790792 e-flex e-con-boxed e-con e-parent\" data-id=\"e790792\" data-element_type=\"container\" data-e-type=\"container\" data-settings=\"{&quot;background_background&quot;:&quot;classic&quot;}\">\n\t\t\t\t\t<div class=\"e-con-inner\">\n\t\t<div class=\"elementor-element elementor-element-d38bdaa e-con-full e-flex e-con e-child\" data-id=\"d38bdaa\" data-element_type=\"container\" data-e-type=\"container\">\n\t\t<div class=\"elementor-element elementor-element-ec22e9f e-con-full e-flex e-con e-child\" data-id=\"ec22e9f\" data-element_type=\"container\" data-e-type=\"container\">\n\t\t\t\t<div class=\"elementor-element elementor-element-3393afb elementor-widget__width-auto elementor-widget elementor-widget-heading\" data-id=\"3393afb\" data-element_type=\"widget\" data-e-type=\"widget\" data-widget_type=\"heading.default\">\n\t\t\t\t<div class=\"elementor-widget-container\">\n\t\t\t\t\t<h5 class=\"elementor-heading-title elementor-size-default\">TABLET MATTE<\/h5>\t\t\t\t<\/div>\n\t\t\t\t<\/div>\n\t\t\t\t<\/div>\n\t\t\t\t<div class=\"elementor-element elementor-element-9902401 elementor-widget elementor-widget-heading\" data-id=\"9902401\" data-element_type=\"widget\" data-e-type=\"widget\" data-widget_type=\"heading.default\">\n\t\t\t\t<div class=\"elementor-widget-container\">\n\t\t\t\t\t<h1 class=\"elementor-heading-title elementor-size-default\">Protecci\u00f3n y elegancia para tablets<\/h1>\t\t\t\t<\/div>\n\t\t\t\t<\/div>\n\t\t\t\t<div class=\"elementor-element elementor-element-e4162cf elementor-widget elementor-widget-text-editor\" data-id=\"e4162cf\" data-element_type=\"widget\" data-e-type=\"widget\" data-widget_type=\"text-editor.default\">\n\t\t\t\t<div class=\"elementor-widget-container\">\n\t\t\t\t\t\t\t\t\t<p>Mejora la experiencia de tu pantalla con la terminaci\u00f3n matte para pantallas de hasta 11&#8242;.<\/p>\t\t\t\t\t\t\t\t<\/div>\n\t\t\t\t<\/div>\n\t\t\t\t<div class=\"elementor-element elementor-element-9fc5b8e elementor-widget elementor-widget-button\" data-id=\"9fc5b8e\" data-element_type=\"widget\" data-e-type=\"widget\" data-widget_type=\"button.default\">\n\t\t\t\t<div class=\"elementor-widget-container\">\n\t\t\t\t\t\t\t\t\t<div class=\"elementor-button-wrapper\">\n\t\t\t\t\t<a class=\"elementor-button elementor-button-link elementor-size-sm\" href=\"https:\/\/hydroglass.com.ar\/clientes\/producto\/tablet-matte-25-laminas\/\">\n\t\t\t\t\t\t<span class=\"elementor-button-content-wrapper\">\n\t\t\t\t\t\t\t\t\t<span class=\"elementor-button-text\">Comprar<\/span>\n\t\t\t\t\t<\/span>\n\t\t\t\t\t<\/a>\n\t\t\t\t<\/div>\n\t\t\t\t\t\t\t\t<\/div>\n\t\t\t\t<\/div>\n\t\t\t\t<\/div>\n\t\t\t\t\t<\/div>\n\t\t\t\t<\/div>\n\t\t<div class=\"elementor-element elementor-element-ec6e344 e-flex e-con-boxed e-con e-parent\" data-id=\"ec6e344\" data-element_type=\"container\" data-e-type=\"container\" data-settings=\"{&quot;background_background&quot;:&quot;classic&quot;}\">\n\t\t\t\t\t<div class=\"e-con-inner\">\n\t\t<div class=\"elementor-element elementor-element-714227f e-con-full e-flex e-con e-child\" data-id=\"714227f\" data-element_type=\"container\" data-e-type=\"container\">\n\t\t\t\t<div class=\"elementor-element elementor-element-0dc3b70 elementor-widget elementor-widget-heading\" data-id=\"0dc3b70\" data-element_type=\"widget\" data-e-type=\"widget\" data-widget_type=\"heading.default\">\n\t\t\t\t<div class=\"elementor-widget-container\">\n\t\t\t\t\t<h2 class=\"elementor-heading-title elementor-size-default\">\u00bfCuando ofrecer una l\u00e1mina Tablet Matte?<\/h2>\t\t\t\t<\/div>\n\t\t\t\t<\/div>\n\t\t\t\t<div class=\"elementor-element elementor-element-2178ceb elementor-widget elementor-widget-text-editor\" data-id=\"2178ceb\" data-element_type=\"widget\" data-e-type=\"widget\" data-widget_type=\"text-editor.default\">\n\t\t\t\t<div class=\"elementor-widget-container\">\n\t\t\t\t\t\t\t\t\t<p>Es ideal para quienes buscan la perfecci\u00f3n en su <strong>tablet<\/strong> y son exigentes con la est\u00e9tica. La protecci\u00f3n matte le da un <strong>acabado elegante<\/strong> a las pantallas e <strong>impide que queden marcadas las huellas<\/strong> de los dedos, luciendo siempre limpia y perfecta.<\/p>\t\t\t\t\t\t\t\t<\/div>\n\t\t\t\t<\/div>\n\t\t<div class=\"elementor-element elementor-element-86de0b1 e-con-full e-flex e-con e-child\" data-id=\"86de0b1\" data-element_type=\"container\" data-e-type=\"container\">\n\t\t<div class=\"elementor-element elementor-element-9552ba6 e-con-full e-flex e-con e-child\" data-id=\"9552ba6\" data-element_type=\"container\" data-e-type=\"container\">\n\t\t\t\t<div class=\"elementor-element elementor-element-22f8a22 elementor-widget elementor-widget-image\" data-id=\"22f8a22\" data-element_type=\"widget\" data-e-type=\"widget\" data-widget_type=\"image.default\">\n\t\t\t\t<div class=\"elementor-widget-container\">\n\t\t\t\t\t\t\t\t\t\t\t\t\t\t\t<img fetchpriority=\"high\" decoding=\"async\" width=\"550\" height=\"550\" src=\"https:\/\/hydroglass.com.ar\/clientes\/wp-content\/uploads\/2026\/03\/Icono-web_Matte-efecto-matte.png\" class=\"attachment-large size-large wp-image-10649\" alt=\"\" srcset=\"https:\/\/hydroglass.com.ar\/clientes\/wp-content\/uploads\/2026\/03\/Icono-web_Matte-efecto-matte.png 550w, https:\/\/hydroglass.com.ar\/clientes\/wp-content\/uploads\/2026\/03\/Icono-web_Matte-efecto-matte-300x300.png 300w, https:\/\/hydroglass.com.ar\/clientes\/wp-content\/uploads\/2026\/03\/Icono-web_Matte-efecto-matte-150x150.png 150w, https:\/\/hydroglass.com.ar\/clientes\/wp-content\/uploads\/2026\/03\/Icono-web_Matte-efecto-matte-100x100.png 100w\" sizes=\"(max-width: 550px) 100vw, 550px\" \/>\t\t\t\t\t\t\t\t\t\t\t\t\t\t\t<\/div>\n\t\t\t\t<\/div>\n\t\t\t\t<div class=\"elementor-element elementor-element-8cfc560 elementor-widget elementor-widget-text-editor\" data-id=\"8cfc560\" data-element_type=\"widget\" data-e-type=\"widget\" data-widget_type=\"text-editor.default\">\n\t\t\t\t<div class=\"elementor-widget-container\">\n\t\t\t\t\t\t\t\t\t<p>Efecto Matte<\/p>\t\t\t\t\t\t\t\t<\/div>\n\t\t\t\t<\/div>\n\t\t\t\t<\/div>\n\t\t<div class=\"elementor-element elementor-element-11791cf e-con-full e-flex e-con e-child\" data-id=\"11791cf\" data-element_type=\"container\" data-e-type=\"container\">\n\t\t\t\t<div class=\"elementor-element elementor-element-8f9b0e1 elementor-widget elementor-widget-image\" data-id=\"8f9b0e1\" data-element_type=\"widget\" data-e-type=\"widget\" data-widget_type=\"image.default\">\n\t\t\t\t<div class=\"elementor-widget-container\">\n\t\t\t\t\t\t\t\t\t\t\t\t\t\t\t<img decoding=\"async\" width=\"550\" height=\"550\" src=\"https:\/\/hydroglass.com.ar\/clientes\/wp-content\/uploads\/2026\/03\/Icono-web_Matte-no-deja-huella.png\" class=\"attachment-large size-large wp-image-10651\" alt=\"\" srcset=\"https:\/\/hydroglass.com.ar\/clientes\/wp-content\/uploads\/2026\/03\/Icono-web_Matte-no-deja-huella.png 550w, https:\/\/hydroglass.com.ar\/clientes\/wp-content\/uploads\/2026\/03\/Icono-web_Matte-no-deja-huella-300x300.png 300w, https:\/\/hydroglass.com.ar\/clientes\/wp-content\/uploads\/2026\/03\/Icono-web_Matte-no-deja-huella-150x150.png 150w, https:\/\/hydroglass.com.ar\/clientes\/wp-content\/uploads\/2026\/03\/Icono-web_Matte-no-deja-huella-100x100.png 100w\" sizes=\"(max-width: 550px) 100vw, 550px\" \/>\t\t\t\t\t\t\t\t\t\t\t\t\t\t\t<\/div>\n\t\t\t\t<\/div>\n\t\t\t\t<div class=\"elementor-element elementor-element-e458213 elementor-widget elementor-widget-text-editor\" data-id=\"e458213\" data-element_type=\"widget\" data-e-type=\"widget\" data-widget_type=\"text-editor.default\">\n\t\t\t\t<div class=\"elementor-widget-container\">\n\t\t\t\t\t\t\t\t\t<p>No deja huella<\/p>\t\t\t\t\t\t\t\t<\/div>\n\t\t\t\t<\/div>\n\t\t\t\t<\/div>\n\t\t<div class=\"elementor-element elementor-element-34a34cb e-con-full e-flex e-con e-child\" data-id=\"34a34cb\" data-element_type=\"container\" data-e-type=\"container\">\n\t\t\t\t<div class=\"elementor-element elementor-element-63187e2 elementor-widget elementor-widget-image\" data-id=\"63187e2\" data-element_type=\"widget\" data-e-type=\"widget\" data-widget_type=\"image.default\">\n\t\t\t\t<div class=\"elementor-widget-container\">\n\t\t\t\t\t\t\t\t\t\t\t\t\t\t\t<img decoding=\"async\" width=\"550\" height=\"550\" src=\"https:\/\/hydroglass.com.ar\/clientes\/wp-content\/uploads\/2026\/03\/Icono-web_Tablet-matte-descanso-visual.png\" class=\"attachment-large size-large wp-image-10672\" alt=\"\" srcset=\"https:\/\/hydroglass.com.ar\/clientes\/wp-content\/uploads\/2026\/03\/Icono-web_Tablet-matte-descanso-visual.png 550w, https:\/\/hydroglass.com.ar\/clientes\/wp-content\/uploads\/2026\/03\/Icono-web_Tablet-matte-descanso-visual-300x300.png 300w, https:\/\/hydroglass.com.ar\/clientes\/wp-content\/uploads\/2026\/03\/Icono-web_Tablet-matte-descanso-visual-150x150.png 150w, https:\/\/hydroglass.com.ar\/clientes\/wp-content\/uploads\/2026\/03\/Icono-web_Tablet-matte-descanso-visual-100x100.png 100w\" sizes=\"(max-width: 550px) 100vw, 550px\" \/>\t\t\t\t\t\t\t\t\t\t\t\t\t\t\t<\/div>\n\t\t\t\t<\/div>\n\t\t\t\t<div class=\"elementor-element elementor-element-1566a7d elementor-widget elementor-widget-text-editor\" data-id=\"1566a7d\" data-element_type=\"widget\" data-e-type=\"widget\" data-widget_type=\"text-editor.default\">\n\t\t\t\t<div class=\"elementor-widget-container\">\n\t\t\t\t\t\t\t\t\t<p>Descanso visual<\/p>\t\t\t\t\t\t\t\t<\/div>\n\t\t\t\t<\/div>\n\t\t\t\t<\/div>\n\t\t<div class=\"elementor-element elementor-element-d5a7b7d e-con-full e-flex e-con e-child\" data-id=\"d5a7b7d\" data-element_type=\"container\" data-e-type=\"container\">\n\t\t\t\t<div class=\"elementor-element elementor-element-1dfdaa3 elementor-widget elementor-widget-image\" data-id=\"1dfdaa3\" data-element_type=\"widget\" data-e-type=\"widget\" data-widget_type=\"image.default\">\n\t\t\t\t<div class=\"elementor-widget-container\">\n\t\t\t\t\t\t\t\t\t\t\t\t\t\t\t<img loading=\"lazy\" decoding=\"async\" width=\"550\" height=\"550\" src=\"https:\/\/hydroglass.com.ar\/clientes\/wp-content\/uploads\/2026\/03\/Icono-web_Matte-lee-huella.png\" class=\"attachment-large size-large wp-image-10650\" alt=\"\" srcset=\"https:\/\/hydroglass.com.ar\/clientes\/wp-content\/uploads\/2026\/03\/Icono-web_Matte-lee-huella.png 550w, https:\/\/hydroglass.com.ar\/clientes\/wp-content\/uploads\/2026\/03\/Icono-web_Matte-lee-huella-300x300.png 300w, https:\/\/hydroglass.com.ar\/clientes\/wp-content\/uploads\/2026\/03\/Icono-web_Matte-lee-huella-150x150.png 150w, https:\/\/hydroglass.com.ar\/clientes\/wp-content\/uploads\/2026\/03\/Icono-web_Matte-lee-huella-100x100.png 100w\" sizes=\"(max-width: 550px) 100vw, 550px\" \/>\t\t\t\t\t\t\t\t\t\t\t\t\t\t\t<\/div>\n\t\t\t\t<\/div>\n\t\t\t\t<div class=\"elementor-element elementor-element-6982873 elementor-widget elementor-widget-text-editor\" data-id=\"6982873\" data-element_type=\"widget\" data-e-type=\"widget\" data-widget_type=\"text-editor.default\">\n\t\t\t\t<div class=\"elementor-widget-container\">\n\t\t\t\t\t\t\t\t\t<p>Lee la huella digital<\/p>\t\t\t\t\t\t\t\t<\/div>\n\t\t\t\t<\/div>\n\t\t\t\t<\/div>\n\t\t\t\t<\/div>\n\t\t\t\t<\/div>\n\t\t<div class=\"elementor-element elementor-element-30d8b24 e-con-full e-flex e-con e-child\" data-id=\"30d8b24\" data-element_type=\"container\" data-e-type=\"container\">\n\t\t\t\t<div class=\"elementor-element elementor-element-fca86a6 elementor-widget elementor-widget-image\" data-id=\"fca86a6\" data-element_type=\"widget\" data-e-type=\"widget\" data-widget_type=\"image.default\">\n\t\t\t\t<div class=\"elementor-widget-container\">\n\t\t\t\t\t\t\t\t\t\t\t\t\t\t\t<img loading=\"lazy\" decoding=\"async\" width=\"765\" height=\"1024\" src=\"https:\/\/hydroglass.com.ar\/clientes\/wp-content\/uploads\/2026\/03\/Tablet-Matte-1.jpg\" class=\"attachment-large size-large wp-image-10671\" alt=\"\" srcset=\"https:\/\/hydroglass.com.ar\/clientes\/wp-content\/uploads\/2026\/03\/Tablet-Matte-1.jpg 765w, https:\/\/hydroglass.com.ar\/clientes\/wp-content\/uploads\/2026\/03\/Tablet-Matte-1-224x300.jpg 224w, https:\/\/hydroglass.com.ar\/clientes\/wp-content\/uploads\/2026\/03\/Tablet-Matte-1-600x803.jpg 600w\" sizes=\"(max-width: 765px) 100vw, 765px\" \/>\t\t\t\t\t\t\t\t\t\t\t\t\t\t\t<\/div>\n\t\t\t\t<\/div>\n\t\t\t\t<\/div>\n\t\t\t\t\t<\/div>\n\t\t\t\t<\/div>\n\t\t<div class=\"elementor-element elementor-element-395885a e-flex e-con-boxed e-con e-parent\" data-id=\"395885a\" data-element_type=\"container\" data-e-type=\"container\">\n\t\t\t\t\t<div class=\"e-con-inner\">\n\t\t<div class=\"elementor-element elementor-element-c9c2e06 e-con-full e-flex e-con e-child\" data-id=\"c9c2e06\" data-element_type=\"container\" data-e-type=\"container\">\n\t\t\t\t<div class=\"elementor-element elementor-element-4a4fb97 elementor-widget elementor-widget-image\" data-id=\"4a4fb97\" data-element_type=\"widget\" data-e-type=\"widget\" data-widget_type=\"image.default\">\n\t\t\t\t<div class=\"elementor-widget-container\">\n\t\t\t\t\t\t\t\t\t\t\t\t\t\t\t<img loading=\"lazy\" decoding=\"async\" width=\"800\" height=\"530\" src=\"https:\/\/hydroglass.com.ar\/clientes\/wp-content\/uploads\/2024\/06\/img-tablet-matte-1024x678.png\" class=\"attachment-large size-large wp-image-4276\" alt=\"\" srcset=\"https:\/\/hydroglass.com.ar\/clientes\/wp-content\/uploads\/2024\/06\/img-tablet-matte-1024x678.png 1024w, https:\/\/hydroglass.com.ar\/clientes\/wp-content\/uploads\/2024\/06\/img-tablet-matte-300x199.png 300w, https:\/\/hydroglass.com.ar\/clientes\/wp-content\/uploads\/2024\/06\/img-tablet-matte-768x509.png 768w, https:\/\/hydroglass.com.ar\/clientes\/wp-content\/uploads\/2024\/06\/img-tablet-matte-600x398.png 600w, https:\/\/hydroglass.com.ar\/clientes\/wp-content\/uploads\/2024\/06\/img-tablet-matte.png 1200w\" sizes=\"(max-width: 800px) 100vw, 800px\" \/>\t\t\t\t\t\t\t\t\t\t\t\t\t\t\t<\/div>\n\t\t\t\t<\/div>\n\t\t\t\t<\/div>\n\t\t<div class=\"elementor-element elementor-element-6a3501d e-con-full e-flex e-con e-child\" data-id=\"6a3501d\" data-element_type=\"container\" data-e-type=\"container\">\n\t\t\t\t<div class=\"elementor-element elementor-element-c34476b elementor-widget elementor-widget-heading\" data-id=\"c34476b\" data-element_type=\"widget\" data-e-type=\"widget\" data-widget_type=\"heading.default\">\n\t\t\t\t<div class=\"elementor-widget-container\">\n\t\t\t\t\t<h2 class=\"elementor-heading-title elementor-size-default\">Especificaciones<\/h2>\t\t\t\t<\/div>\n\t\t\t\t<\/div>\n\t\t\t\t<div class=\"elementor-element elementor-element-f290ccd elementor-widget elementor-widget-text-editor\" data-id=\"f290ccd\" data-element_type=\"widget\" data-e-type=\"widget\" data-widget_type=\"text-editor.default\">\n\t\t\t\t<div class=\"elementor-widget-container\">\n\t\t\t\t\t\t\t\t\t<p><strong>Presentaci\u00f3n:<\/strong><br \/>Pack de 25 unidades<\/p><p><strong>Ideal para:<\/strong><\/p><ul><li>Busque un acabado elegante y sin huellas marcadas.<\/li><li>Valore el acabado matte<\/li><li>Utilice mucho el dispositivo y valore el descanso visual.<\/li><\/ul><p><strong>Tama\u00f1o m\u00e1ximo de pantalla:<\/strong><br \/>Hasta 11&#8242;<\/p>\t\t\t\t\t\t\t\t<\/div>\n\t\t\t\t<\/div>\n\t\t\t\t<\/div>\n\t\t\t\t\t<\/div>\n\t\t\t\t<\/div>\n\t\t<div class=\"elementor-element elementor-element-c15a069 e-flex e-con-boxed e-con e-parent\" data-id=\"c15a069\" data-element_type=\"container\" data-e-type=\"container\" data-settings=\"{&quot;background_background&quot;:&quot;classic&quot;}\">\n\t\t\t\t\t<div class=\"e-con-inner\">\n\t\t<div class=\"elementor-element elementor-element-04daa87 e-con-full e-flex e-con e-child\" data-id=\"04daa87\" data-element_type=\"container\" data-e-type=\"container\">\n\t\t\t\t<div class=\"elementor-element elementor-element-f61860a elementor-widget elementor-widget-heading\" data-id=\"f61860a\" data-element_type=\"widget\" data-e-type=\"widget\" data-widget_type=\"heading.default\">\n\t\t\t\t<div class=\"elementor-widget-container\">\n\t\t\t\t\t<h4 class=\"elementor-heading-title elementor-size-default\">Colocaci\u00f3n<\/h4>\t\t\t\t<\/div>\n\t\t\t\t<\/div>\n\t\t\t\t<div class=\"elementor-element elementor-element-278d999 elementor-widget elementor-widget-video\" data-id=\"278d999\" data-element_type=\"widget\" data-e-type=\"widget\" data-settings=\"{&quot;youtube_url&quot;:&quot;https:\\\/\\\/youtu.be\\\/XLY4eEyuX3s?si=OJu1M8icO-HMFvCe&quot;,&quot;video_type&quot;:&quot;youtube&quot;,&quot;controls&quot;:&quot;yes&quot;}\" data-widget_type=\"video.default\">\n\t\t\t\t<div class=\"elementor-widget-container\">\n\t\t\t\t\t\t\t<div class=\"elementor-wrapper elementor-open-inline\">\n\t\t\t<div class=\"elementor-video\"><\/div>\t\t<\/div>\n\t\t\t\t\t\t<\/div>\n\t\t\t\t<\/div>\n\t\t\t\t<\/div>\n\t\t\t\t\t<\/div>\n\t\t\t\t<\/div>\n\t\t<div class=\"elementor-element elementor-element-26a3c3c e-flex e-con-boxed e-con e-parent\" data-id=\"26a3c3c\" data-element_type=\"container\" data-e-type=\"container\">\n\t\t\t\t\t<div class=\"e-con-inner\">\n\t\t<div class=\"elementor-element elementor-element-7df3c18 e-con-full e-flex e-con e-child\" data-id=\"7df3c18\" data-element_type=\"container\" data-e-type=\"container\">\n\t\t\t\t<div class=\"elementor-element elementor-element-56ef05f elementor-widget elementor-widget-image\" data-id=\"56ef05f\" data-element_type=\"widget\" data-e-type=\"widget\" data-widget_type=\"image.default\">\n\t\t\t\t<div class=\"elementor-widget-container\">\n\t\t\t\t\t\t\t\t\t\t\t\t\t\t\t<img loading=\"lazy\" decoding=\"async\" width=\"800\" height=\"530\" src=\"https:\/\/hydroglass.com.ar\/clientes\/wp-content\/uploads\/2026\/02\/Banner-Tablet-Matte-1024x678.jpg\" class=\"attachment-large size-large wp-image-10571\" alt=\"\" srcset=\"https:\/\/hydroglass.com.ar\/clientes\/wp-content\/uploads\/2026\/02\/Banner-Tablet-Matte-1024x678.jpg 1024w, https:\/\/hydroglass.com.ar\/clientes\/wp-content\/uploads\/2026\/02\/Banner-Tablet-Matte-300x199.jpg 300w, https:\/\/hydroglass.com.ar\/clientes\/wp-content\/uploads\/2026\/02\/Banner-Tablet-Matte-768x509.jpg 768w, https:\/\/hydroglass.com.ar\/clientes\/wp-content\/uploads\/2026\/02\/Banner-Tablet-Matte-600x398.jpg 600w, https:\/\/hydroglass.com.ar\/clientes\/wp-content\/uploads\/2026\/02\/Banner-Tablet-Matte.jpg 1200w\" sizes=\"(max-width: 800px) 100vw, 800px\" \/>\t\t\t\t\t\t\t\t\t\t\t\t\t\t\t<\/div>\n\t\t\t\t<\/div>\n\t\t\t\t<\/div>\n\t\t<div class=\"elementor-element elementor-element-d4bffa0 e-con-full e-flex e-con e-child\" data-id=\"d4bffa0\" data-element_type=\"container\" data-e-type=\"container\">\n\t\t\t\t<div class=\"elementor-element elementor-element-1c67bcc elementor-position-inline-start elementor-view-default elementor-mobile-position-block-start elementor-widget elementor-widget-icon-box\" data-id=\"1c67bcc\" data-element_type=\"widget\" data-e-type=\"widget\" data-widget_type=\"icon-box.default\">\n\t\t\t\t<div class=\"elementor-widget-container\">\n\t\t\t\t\t\t\t<div class=\"elementor-icon-box-wrapper\">\n\n\t\t\t\t\t\t<div class=\"elementor-icon-box-icon\">\n\t\t\t\t<span  class=\"elementor-icon\">\n\t\t\t\t<svg aria-hidden=\"true\" class=\"e-font-icon-svg e-far-folder-open\" viewBox=\"0 0 576 512\" xmlns=\"http:\/\/www.w3.org\/2000\/svg\"><path d=\"M527.9 224H480v-48c0-26.5-21.5-48-48-48H272l-64-64H48C21.5 64 0 85.5 0 112v288c0 26.5 21.5 48 48 48h400c16.5 0 31.9-8.5 40.7-22.6l79.9-128c20-31.9-3-73.4-40.7-73.4zM48 118c0-3.3 2.7-6 6-6h134.1l64 64H426c3.3 0 6 2.7 6 6v42H152c-16.8 0-32.4 8.8-41.1 23.2L48 351.4zm400 282H72l77.2-128H528z\"><\/path><\/svg>\t\t\t\t<\/span>\n\t\t\t<\/div>\n\t\t\t\n\t\t\t\t\t\t<div class=\"elementor-icon-box-content\">\n\n\t\t\t\t\t\t\t\t\t<h3 class=\"elementor-icon-box-title\">\n\t\t\t\t\t\t<span  >\n\t\t\t\t\t\t\tDescargas\t\t\t\t\t\t<\/span>\n\t\t\t\t\t<\/h3>\n\t\t\t\t\n\t\t\t\t\n\t\t\t<\/div>\n\t\t\t\n\t\t<\/div>\n\t\t\t\t\t\t<\/div>\n\t\t\t\t<\/div>\n\t\t\t\t<div class=\"elementor-element elementor-element-b4f9e09 elementor-icon-list--layout-traditional elementor-list-item-link-full_width elementor-widget elementor-widget-icon-list\" data-id=\"b4f9e09\" data-element_type=\"widget\" data-e-type=\"widget\" data-widget_type=\"icon-list.default\">\n\t\t\t\t<div class=\"elementor-widget-container\">\n\t\t\t\t\t\t\t<ul class=\"elementor-icon-list-items\">\n\t\t\t\t\t\t\t<li class=\"elementor-icon-list-item\">\n\t\t\t\t\t\t\t\t\t\t\t<span class=\"elementor-icon-list-icon\">\n\t\t\t\t\t\t\t<svg aria-hidden=\"true\" class=\"e-font-icon-svg e-far-arrow-alt-circle-down\" viewBox=\"0 0 512 512\" xmlns=\"http:\/\/www.w3.org\/2000\/svg\"><path d=\"M256 8C119 8 8 119 8 256s111 248 248 248 248-111 248-248S393 8 256 8zm0 448c-110.5 0-200-89.5-200-200S145.5 56 256 56s200 89.5 200 200-89.5 200-200 200zm-32-316v116h-67c-10.7 0-16 12.9-8.5 20.5l99 99c4.7 4.7 12.3 4.7 17 0l99-99c7.6-7.6 2.2-20.5-8.5-20.5h-67V140c0-6.6-5.4-12-12-12h-40c-6.6 0-12 5.4-12 12z\"><\/path><\/svg>\t\t\t\t\t\t<\/span>\n\t\t\t\t\t\t\t\t\t\t<span class=\"elementor-icon-list-text\">Material para redes sociales<\/span>\n\t\t\t\t\t\t\t\t\t<\/li>\n\t\t\t\t\t\t<\/ul>\n\t\t\t\t\t\t<\/div>\n\t\t\t\t<\/div>\n\t\t\t\t<\/div>\n\t\t\t\t\t<\/div>\n\t\t\t\t<\/div>\n\t\t<div class=\"elementor-element elementor-element-590fb0e e-flex e-con-boxed e-con e-parent\" data-id=\"590fb0e\" data-element_type=\"container\" data-e-type=\"container\" data-settings=\"{&quot;background_background&quot;:&quot;classic&quot;}\">\n\t\t\t\t\t<div class=\"e-con-inner\">\n\t\t<div class=\"elementor-element elementor-element-53aed91 e-con-full e-flex e-con e-child\" data-id=\"53aed91\" data-element_type=\"container\" data-e-type=\"container\">\n\t\t\t\t<div class=\"elementor-element elementor-element-72a90ac elementor-widget elementor-widget-image\" data-id=\"72a90ac\" data-element_type=\"widget\" data-e-type=\"widget\" data-widget_type=\"image.default\">\n\t\t\t\t<div class=\"elementor-widget-container\">\n\t\t\t\t\t\t\t\t\t\t\t\t\t\t\t<img loading=\"lazy\" decoding=\"async\" width=\"500\" height=\"500\" src=\"https:\/\/hydroglass.com.ar\/clientes\/wp-content\/uploads\/2024\/06\/tablet-matte-pack.png\" class=\"attachment-large size-large wp-image-4271\" alt=\"\" srcset=\"https:\/\/hydroglass.com.ar\/clientes\/wp-content\/uploads\/2024\/06\/tablet-matte-pack.png 500w, https:\/\/hydroglass.com.ar\/clientes\/wp-content\/uploads\/2024\/06\/tablet-matte-pack-300x300.png 300w, https:\/\/hydroglass.com.ar\/clientes\/wp-content\/uploads\/2024\/06\/tablet-matte-pack-150x150.png 150w, https:\/\/hydroglass.com.ar\/clientes\/wp-content\/uploads\/2024\/06\/tablet-matte-pack-100x100.png 100w\" sizes=\"(max-width: 500px) 100vw, 500px\" \/>\t\t\t\t\t\t\t\t\t\t\t\t\t\t\t<\/div>\n\t\t\t\t<\/div>\n\t\t\t\t<\/div>\n\t\t<div class=\"elementor-element elementor-element-79c8ed1 e-con-full e-flex e-con e-child\" data-id=\"79c8ed1\" data-element_type=\"container\" data-e-type=\"container\">\n\t\t\t\t<div class=\"elementor-element elementor-element-56b7011 elementor-widget elementor-widget-heading\" data-id=\"56b7011\" data-element_type=\"widget\" data-e-type=\"widget\" data-widget_type=\"heading.default\">\n\t\t\t\t<div class=\"elementor-widget-container\">\n\t\t\t\t\t<h2 class=\"elementor-heading-title elementor-size-default\">Adquir\u00ed ahora tu pack de l\u00e1minas Matte<\/h2>\t\t\t\t<\/div>\n\t\t\t\t<\/div>\n\t\t\t\t<div class=\"elementor-element elementor-element-2c41b09 elementor-mobile-align-center elementor-widget elementor-widget-button\" data-id=\"2c41b09\" data-element_type=\"widget\" data-e-type=\"widget\" data-widget_type=\"button.default\">\n\t\t\t\t<div class=\"elementor-widget-container\">\n\t\t\t\t\t\t\t\t\t<div class=\"elementor-button-wrapper\">\n\t\t\t\t\t<a class=\"elementor-button elementor-button-link elementor-size-sm\" href=\"https:\/\/hydroglass.com.ar\/clientes\/producto\/tablet-matte-25-laminas\/\">\n\t\t\t\t\t\t<span class=\"elementor-button-content-wrapper\">\n\t\t\t\t\t\t\t\t\t<span class=\"elementor-button-text\">Ir a tienda<\/span>\n\t\t\t\t\t<\/span>\n\t\t\t\t\t<\/a>\n\t\t\t\t<\/div>\n\t\t\t\t\t\t\t\t<\/div>\n\t\t\t\t<\/div>\n\t\t\t\t<\/div>\n\t\t\t\t\t<\/div>\n\t\t\t\t<\/div>\n\t\t\t\t<\/div>\n\t\t","protected":false},"excerpt":{"rendered":"<p>TABLET MATTE Protecci\u00f3n y elegancia para tablets Mejora la experiencia de tu pantalla con la terminaci\u00f3n matte para pantallas de hasta 11&#8242;. Comprar \u00bfCuando ofrecer una l\u00e1mina Tablet Matte? Es ideal para quienes buscan la perfecci\u00f3n en su tablet y son exigentes con la est\u00e9tica. La protecci\u00f3n matte le da un acabado elegante a las [&hellip;]<\/p>\n","protected":false},"author":1345,"featured_media":0,"parent":0,"menu_order":0,"comment_status":"closed","ping_status":"closed","template":"","meta":{"_acf_changed":false,"footnotes":""},"class_list":["post-7633","page","type-page","status-publish","hentry"],"acf":[],"_links":{"self":[{"href":"https:\/\/hydroglass.com.ar\/clientes\/wp-json\/wp\/v2\/pages\/7633","targetHints":{"allow":["GET"]}}],"collection":[{"href":"https:\/\/hydroglass.com.ar\/clientes\/wp-json\/wp\/v2\/pages"}],"about":[{"href":"https:\/\/hydroglass.com.ar\/clientes\/wp-json\/wp\/v2\/types\/page"}],"author":[{"embeddable":true,"href":"https:\/\/hydroglass.com.ar\/clientes\/wp-json\/wp\/v2\/users\/1345"}],"replies":[{"embeddable":true,"href":"https:\/\/hydroglass.com.ar\/clientes\/wp-json\/wp\/v2\/comments?post=7633"}],"version-history":[{"count":7,"href":"https:\/\/hydroglass.com.ar\/clientes\/wp-json\/wp\/v2\/pages\/7633\/revisions"}],"predecessor-version":[{"id":11045,"href":"https:\/\/hydroglass.com.ar\/clientes\/wp-json\/wp\/v2\/pages\/7633\/revisions\/11045"}],"wp:attachment":[{"href":"https:\/\/hydroglass.com.ar\/clientes\/wp-json\/wp\/v2\/media?parent=7633"}],"curies":[{"name":"wp","href":"https:\/\/api.w.org\/{rel}","templated":true}]}}