{"id":6625,"date":"2024-08-27T11:26:19","date_gmt":"2024-08-27T14:26:19","guid":{"rendered":"https:\/\/hydroglass.com.ar\/clientes\/?page_id=6625"},"modified":"2026-03-05T21:02:51","modified_gmt":"2026-03-06T00:02:51","slug":"super-duty","status":"publish","type":"page","link":"https:\/\/hydroglass.com.ar\/clientes\/super-duty\/","title":{"rendered":"Super Duty"},"content":{"rendered":"\t\t<div data-elementor-type=\"wp-page\" data-elementor-id=\"6625\" class=\"elementor elementor-6625\" data-elementor-post-type=\"page\">\n\t\t\t\t<div class=\"elementor-element elementor-element-9c88bf2 e-flex e-con-boxed e-con e-parent\" data-id=\"9c88bf2\" data-element_type=\"container\" data-e-type=\"container\" data-settings=\"{&quot;background_background&quot;:&quot;classic&quot;}\">\n\t\t\t\t\t<div class=\"e-con-inner\">\n\t\t<div class=\"elementor-element elementor-element-48b2253 e-con-full e-flex e-con e-child\" data-id=\"48b2253\" data-element_type=\"container\" data-e-type=\"container\">\n\t\t<div class=\"elementor-element elementor-element-53076b4 e-con-full e-flex e-con e-child\" data-id=\"53076b4\" data-element_type=\"container\" data-e-type=\"container\">\n\t\t\t\t<div class=\"elementor-element elementor-element-49ade48 elementor-widget__width-auto elementor-widget elementor-widget-heading\" data-id=\"49ade48\" data-element_type=\"widget\" data-e-type=\"widget\" data-widget_type=\"heading.default\">\n\t\t\t\t<div class=\"elementor-widget-container\">\n\t\t\t\t\t<h5 class=\"elementor-heading-title elementor-size-default\">SUPER DUTY<\/h5>\t\t\t\t<\/div>\n\t\t\t\t<\/div>\n\t\t\t\t<\/div>\n\t\t\t\t<div class=\"elementor-element elementor-element-93cc053 elementor-widget elementor-widget-heading\" data-id=\"93cc053\" data-element_type=\"widget\" data-e-type=\"widget\" data-widget_type=\"heading.default\">\n\t\t\t\t<div class=\"elementor-widget-container\">\n\t\t\t\t\t<h1 class=\"elementor-heading-title elementor-size-default\">M\u00e1xima protecci\u00f3n y autorreparaci\u00f3n imediata<\/h1>\t\t\t\t<\/div>\n\t\t\t\t<\/div>\n\t\t\t\t<div class=\"elementor-element elementor-element-9d397da elementor-widget elementor-widget-text-editor\" data-id=\"9d397da\" data-element_type=\"widget\" data-e-type=\"widget\" data-widget_type=\"text-editor.default\">\n\t\t\t\t<div class=\"elementor-widget-container\">\n\t\t\t\t\t\t\t\t\t<p>Protege al m\u00e1ximos las pantallas<\/p>\t\t\t\t\t\t\t\t<\/div>\n\t\t\t\t<\/div>\n\t\t\t\t<div class=\"elementor-element elementor-element-a21b9b5 elementor-widget elementor-widget-button\" data-id=\"a21b9b5\" data-element_type=\"widget\" data-e-type=\"widget\" data-widget_type=\"button.default\">\n\t\t\t\t<div class=\"elementor-widget-container\">\n\t\t\t\t\t\t\t\t\t<div class=\"elementor-button-wrapper\">\n\t\t\t\t\t<a class=\"elementor-button elementor-button-link elementor-size-sm\" href=\"https:\/\/hydroglass.com.ar\/clientes\/producto\/super-duty-25-laminas\/\">\n\t\t\t\t\t\t<span class=\"elementor-button-content-wrapper\">\n\t\t\t\t\t\t\t\t\t<span class=\"elementor-button-text\">Comprar<\/span>\n\t\t\t\t\t<\/span>\n\t\t\t\t\t<\/a>\n\t\t\t\t<\/div>\n\t\t\t\t\t\t\t\t<\/div>\n\t\t\t\t<\/div>\n\t\t\t\t<\/div>\n\t\t\t\t\t<\/div>\n\t\t\t\t<\/div>\n\t\t<div class=\"elementor-element elementor-element-f6752fc e-flex e-con-boxed e-con e-parent\" data-id=\"f6752fc\" data-element_type=\"container\" data-e-type=\"container\" data-settings=\"{&quot;background_background&quot;:&quot;classic&quot;}\">\n\t\t\t\t\t<div class=\"e-con-inner\">\n\t\t<div class=\"elementor-element elementor-element-62d2884 e-con-full e-flex e-con e-child\" data-id=\"62d2884\" data-element_type=\"container\" data-e-type=\"container\">\n\t\t\t\t<div class=\"elementor-element elementor-element-311e597 elementor-widget elementor-widget-heading\" data-id=\"311e597\" data-element_type=\"widget\" data-e-type=\"widget\" data-widget_type=\"heading.default\">\n\t\t\t\t<div class=\"elementor-widget-container\">\n\t\t\t\t\t<h2 class=\"elementor-heading-title elementor-size-default\">\u00bfCuando ofrecer una l\u00e1mina Super Duty?<\/h2>\t\t\t\t<\/div>\n\t\t\t\t<\/div>\n\t\t\t\t<div class=\"elementor-element elementor-element-7b41386 elementor-widget elementor-widget-text-editor\" data-id=\"7b41386\" data-element_type=\"widget\" data-e-type=\"widget\" data-widget_type=\"text-editor.default\">\n\t\t\t\t<div class=\"elementor-widget-container\">\n\t\t\t\t\t\t\t\t\t<p>La protecci\u00f3n SUPER DUTY est\u00e1 creada con una<strong> nueva tecnolog\u00eda<\/strong> que permite la <strong>autorreparaci\u00f3n inmediata<\/strong>, con una m\u00e1xima absorci\u00f3n de impactos y logrando una excelente experiencia de usuario gracias a la definici\u00f3n UltraHD. Esta combinaci\u00f3n de resistencia y calidad, hace a la SUPER DUTY una<strong> l\u00e1mina Premium \u00fanica en el mercado.<\/strong><\/p>\t\t\t\t\t\t\t\t<\/div>\n\t\t\t\t<\/div>\n\t\t<div class=\"elementor-element elementor-element-d7dbd4f e-con-full e-flex e-con e-child\" data-id=\"d7dbd4f\" data-element_type=\"container\" data-e-type=\"container\">\n\t\t<div class=\"elementor-element elementor-element-3065607 e-con-full e-flex e-con e-child\" data-id=\"3065607\" data-element_type=\"container\" data-e-type=\"container\">\n\t\t\t\t<div class=\"elementor-element elementor-element-af44f4c elementor-widget elementor-widget-image\" data-id=\"af44f4c\" data-element_type=\"widget\" data-e-type=\"widget\" data-widget_type=\"image.default\">\n\t\t\t\t<div class=\"elementor-widget-container\">\n\t\t\t\t\t\t\t\t\t\t\t\t\t\t\t<img fetchpriority=\"high\" decoding=\"async\" width=\"550\" height=\"550\" src=\"https:\/\/hydroglass.com.ar\/clientes\/wp-content\/uploads\/2026\/03\/Icono-web_AE-UHD-UHD.png\" class=\"attachment-large size-large wp-image-10606\" alt=\"\" srcset=\"https:\/\/hydroglass.com.ar\/clientes\/wp-content\/uploads\/2026\/03\/Icono-web_AE-UHD-UHD.png 550w, https:\/\/hydroglass.com.ar\/clientes\/wp-content\/uploads\/2026\/03\/Icono-web_AE-UHD-UHD-300x300.png 300w, https:\/\/hydroglass.com.ar\/clientes\/wp-content\/uploads\/2026\/03\/Icono-web_AE-UHD-UHD-150x150.png 150w, https:\/\/hydroglass.com.ar\/clientes\/wp-content\/uploads\/2026\/03\/Icono-web_AE-UHD-UHD-100x100.png 100w\" sizes=\"(max-width: 550px) 100vw, 550px\" \/>\t\t\t\t\t\t\t\t\t\t\t\t\t\t\t<\/div>\n\t\t\t\t<\/div>\n\t\t\t\t<div class=\"elementor-element elementor-element-c119467 elementor-widget elementor-widget-text-editor\" data-id=\"c119467\" data-element_type=\"widget\" data-e-type=\"widget\" data-widget_type=\"text-editor.default\">\n\t\t\t\t<div class=\"elementor-widget-container\">\n\t\t\t\t\t\t\t\t\t<p>UltraHD<\/p>\t\t\t\t\t\t\t\t<\/div>\n\t\t\t\t<\/div>\n\t\t\t\t<\/div>\n\t\t<div class=\"elementor-element elementor-element-08f8aa1 e-con-full e-flex e-con e-child\" data-id=\"08f8aa1\" data-element_type=\"container\" data-e-type=\"container\">\n\t\t\t\t<div class=\"elementor-element elementor-element-1d96103 elementor-widget elementor-widget-image\" data-id=\"1d96103\" data-element_type=\"widget\" data-e-type=\"widget\" data-widget_type=\"image.default\">\n\t\t\t\t<div class=\"elementor-widget-container\">\n\t\t\t\t\t\t\t\t\t\t\t\t\t\t\t<img decoding=\"async\" width=\"550\" height=\"550\" src=\"https:\/\/hydroglass.com.ar\/clientes\/wp-content\/uploads\/2026\/03\/Icono-web_AE-UHD-impacto.png\" class=\"attachment-large size-large wp-image-10603\" alt=\"\" srcset=\"https:\/\/hydroglass.com.ar\/clientes\/wp-content\/uploads\/2026\/03\/Icono-web_AE-UHD-impacto.png 550w, https:\/\/hydroglass.com.ar\/clientes\/wp-content\/uploads\/2026\/03\/Icono-web_AE-UHD-impacto-300x300.png 300w, https:\/\/hydroglass.com.ar\/clientes\/wp-content\/uploads\/2026\/03\/Icono-web_AE-UHD-impacto-150x150.png 150w, https:\/\/hydroglass.com.ar\/clientes\/wp-content\/uploads\/2026\/03\/Icono-web_AE-UHD-impacto-100x100.png 100w\" sizes=\"(max-width: 550px) 100vw, 550px\" \/>\t\t\t\t\t\t\t\t\t\t\t\t\t\t\t<\/div>\n\t\t\t\t<\/div>\n\t\t\t\t<div class=\"elementor-element elementor-element-1e0091e elementor-widget elementor-widget-text-editor\" data-id=\"1e0091e\" data-element_type=\"widget\" data-e-type=\"widget\" data-widget_type=\"text-editor.default\">\n\t\t\t\t<div class=\"elementor-widget-container\">\n\t\t\t\t\t\t\t\t\t<p>M\u00e1xima Protecci\u00f3n<\/p>\t\t\t\t\t\t\t\t<\/div>\n\t\t\t\t<\/div>\n\t\t\t\t<\/div>\n\t\t<div class=\"elementor-element elementor-element-a03f6d4 e-con-full e-flex e-con e-child\" data-id=\"a03f6d4\" data-element_type=\"container\" data-e-type=\"container\">\n\t\t\t\t<div class=\"elementor-element elementor-element-fd7db30 elementor-widget elementor-widget-image\" data-id=\"fd7db30\" data-element_type=\"widget\" data-e-type=\"widget\" data-widget_type=\"image.default\">\n\t\t\t\t<div class=\"elementor-widget-container\">\n\t\t\t\t\t\t\t\t\t\t\t\t\t\t\t<img decoding=\"async\" width=\"550\" height=\"550\" src=\"https:\/\/hydroglass.com.ar\/clientes\/wp-content\/uploads\/2026\/03\/Icono-web_Super-duty-autorreparacion.png\" class=\"attachment-large size-large wp-image-10662\" alt=\"\" srcset=\"https:\/\/hydroglass.com.ar\/clientes\/wp-content\/uploads\/2026\/03\/Icono-web_Super-duty-autorreparacion.png 550w, https:\/\/hydroglass.com.ar\/clientes\/wp-content\/uploads\/2026\/03\/Icono-web_Super-duty-autorreparacion-300x300.png 300w, https:\/\/hydroglass.com.ar\/clientes\/wp-content\/uploads\/2026\/03\/Icono-web_Super-duty-autorreparacion-150x150.png 150w, https:\/\/hydroglass.com.ar\/clientes\/wp-content\/uploads\/2026\/03\/Icono-web_Super-duty-autorreparacion-100x100.png 100w\" sizes=\"(max-width: 550px) 100vw, 550px\" \/>\t\t\t\t\t\t\t\t\t\t\t\t\t\t\t<\/div>\n\t\t\t\t<\/div>\n\t\t\t\t<div class=\"elementor-element elementor-element-f6481ed elementor-widget elementor-widget-text-editor\" data-id=\"f6481ed\" data-element_type=\"widget\" data-e-type=\"widget\" data-widget_type=\"text-editor.default\">\n\t\t\t\t<div class=\"elementor-widget-container\">\n\t\t\t\t\t\t\t\t\t<p>Autorreparaci\u00f3n Inmediata<\/p>\t\t\t\t\t\t\t\t<\/div>\n\t\t\t\t<\/div>\n\t\t\t\t<\/div>\n\t\t<div class=\"elementor-element elementor-element-21d7885 e-con-full e-flex e-con e-child\" data-id=\"21d7885\" data-element_type=\"container\" data-e-type=\"container\">\n\t\t\t\t<div class=\"elementor-element elementor-element-a903a70 elementor-widget elementor-widget-image\" data-id=\"a903a70\" data-element_type=\"widget\" data-e-type=\"widget\" data-widget_type=\"image.default\">\n\t\t\t\t<div class=\"elementor-widget-container\">\n\t\t\t\t\t\t\t\t\t\t\t\t\t\t\t<img loading=\"lazy\" decoding=\"async\" width=\"550\" height=\"550\" src=\"https:\/\/hydroglass.com.ar\/clientes\/wp-content\/uploads\/2026\/03\/Icono-web_Matte-lee-huella.png\" class=\"attachment-large size-large wp-image-10650\" alt=\"\" srcset=\"https:\/\/hydroglass.com.ar\/clientes\/wp-content\/uploads\/2026\/03\/Icono-web_Matte-lee-huella.png 550w, https:\/\/hydroglass.com.ar\/clientes\/wp-content\/uploads\/2026\/03\/Icono-web_Matte-lee-huella-300x300.png 300w, https:\/\/hydroglass.com.ar\/clientes\/wp-content\/uploads\/2026\/03\/Icono-web_Matte-lee-huella-150x150.png 150w, https:\/\/hydroglass.com.ar\/clientes\/wp-content\/uploads\/2026\/03\/Icono-web_Matte-lee-huella-100x100.png 100w\" sizes=\"(max-width: 550px) 100vw, 550px\" \/>\t\t\t\t\t\t\t\t\t\t\t\t\t\t\t<\/div>\n\t\t\t\t<\/div>\n\t\t\t\t<div class=\"elementor-element elementor-element-f51222a elementor-widget elementor-widget-text-editor\" data-id=\"f51222a\" data-element_type=\"widget\" data-e-type=\"widget\" data-widget_type=\"text-editor.default\">\n\t\t\t\t<div class=\"elementor-widget-container\">\n\t\t\t\t\t\t\t\t\t<p>Lee la huella digital<\/p>\t\t\t\t\t\t\t\t<\/div>\n\t\t\t\t<\/div>\n\t\t\t\t<\/div>\n\t\t\t\t<\/div>\n\t\t\t\t<\/div>\n\t\t<div class=\"elementor-element elementor-element-ed281a0 e-con-full e-flex e-con e-child\" data-id=\"ed281a0\" data-element_type=\"container\" data-e-type=\"container\">\n\t\t\t\t<div class=\"elementor-element elementor-element-06ae7c1 elementor-widget elementor-widget-image\" data-id=\"06ae7c1\" data-element_type=\"widget\" data-e-type=\"widget\" data-widget_type=\"image.default\">\n\t\t\t\t<div class=\"elementor-widget-container\">\n\t\t\t\t\t\t\t\t\t\t\t\t\t\t\t<img loading=\"lazy\" decoding=\"async\" width=\"765\" height=\"1024\" src=\"https:\/\/hydroglass.com.ar\/clientes\/wp-content\/uploads\/2026\/03\/Super-duty-3.jpg\" class=\"attachment-large size-large wp-image-10663\" alt=\"\" srcset=\"https:\/\/hydroglass.com.ar\/clientes\/wp-content\/uploads\/2026\/03\/Super-duty-3.jpg 765w, https:\/\/hydroglass.com.ar\/clientes\/wp-content\/uploads\/2026\/03\/Super-duty-3-224x300.jpg 224w, https:\/\/hydroglass.com.ar\/clientes\/wp-content\/uploads\/2026\/03\/Super-duty-3-600x803.jpg 600w\" sizes=\"(max-width: 765px) 100vw, 765px\" \/>\t\t\t\t\t\t\t\t\t\t\t\t\t\t\t<\/div>\n\t\t\t\t<\/div>\n\t\t\t\t<\/div>\n\t\t\t\t\t<\/div>\n\t\t\t\t<\/div>\n\t\t<div class=\"elementor-element elementor-element-a480447 e-flex e-con-boxed e-con e-parent\" data-id=\"a480447\" data-element_type=\"container\" data-e-type=\"container\">\n\t\t\t\t\t<div class=\"e-con-inner\">\n\t\t<div class=\"elementor-element elementor-element-1fdb404 e-con-full e-flex e-con e-child\" data-id=\"1fdb404\" data-element_type=\"container\" data-e-type=\"container\">\n\t\t\t\t<div class=\"elementor-element elementor-element-8259e97 elementor-widget elementor-widget-image\" data-id=\"8259e97\" data-element_type=\"widget\" data-e-type=\"widget\" data-widget_type=\"image.default\">\n\t\t\t\t<div class=\"elementor-widget-container\">\n\t\t\t\t\t\t\t\t\t\t\t\t\t\t\t<img loading=\"lazy\" decoding=\"async\" width=\"768\" height=\"509\" src=\"https:\/\/hydroglass.com.ar\/clientes\/wp-content\/uploads\/2025\/02\/SuperDuty-productos.png\" class=\"attachment-large size-large wp-image-8374\" alt=\"\" srcset=\"https:\/\/hydroglass.com.ar\/clientes\/wp-content\/uploads\/2025\/02\/SuperDuty-productos.png 768w, https:\/\/hydroglass.com.ar\/clientes\/wp-content\/uploads\/2025\/02\/SuperDuty-productos-300x199.png 300w, https:\/\/hydroglass.com.ar\/clientes\/wp-content\/uploads\/2025\/02\/SuperDuty-productos-600x398.png 600w\" sizes=\"(max-width: 768px) 100vw, 768px\" \/>\t\t\t\t\t\t\t\t\t\t\t\t\t\t\t<\/div>\n\t\t\t\t<\/div>\n\t\t\t\t<\/div>\n\t\t<div class=\"elementor-element elementor-element-8689d1b e-con-full e-flex e-con e-child\" data-id=\"8689d1b\" data-element_type=\"container\" data-e-type=\"container\">\n\t\t\t\t<div class=\"elementor-element elementor-element-b2b1d95 elementor-widget elementor-widget-heading\" data-id=\"b2b1d95\" data-element_type=\"widget\" data-e-type=\"widget\" data-widget_type=\"heading.default\">\n\t\t\t\t<div class=\"elementor-widget-container\">\n\t\t\t\t\t<h2 class=\"elementor-heading-title elementor-size-default\">Especificaciones<\/h2>\t\t\t\t<\/div>\n\t\t\t\t<\/div>\n\t\t\t\t<div class=\"elementor-element elementor-element-69f7748 elementor-widget elementor-widget-text-editor\" data-id=\"69f7748\" data-element_type=\"widget\" data-e-type=\"widget\" data-widget_type=\"text-editor.default\">\n\t\t\t\t<div class=\"elementor-widget-container\">\n\t\t\t\t\t\t\t\t\t<p><strong>Presentaci\u00f3n:<\/strong><br \/>Pack de 25 unidades<\/p><p><strong>Ideal para:<\/strong><\/p><ul><li>Quienes buscan la mejor protecci\u00f3n frente a impactos.<\/li><li>Valore la autorreparaci\u00f3n inmediata para una pantalla siempre intacta.<\/li><li>Aprecie la calidad UltraHD<\/li><li>Busque un producto premium<\/li><\/ul><p><strong>Tama\u00f1o m\u00e1ximo de pantalla:<\/strong><br \/>Hasta 7&#8242;<\/p>\t\t\t\t\t\t\t\t<\/div>\n\t\t\t\t<\/div>\n\t\t\t\t<\/div>\n\t\t\t\t\t<\/div>\n\t\t\t\t<\/div>\n\t\t<div class=\"elementor-element elementor-element-f1efd7c e-flex e-con-boxed e-con e-parent\" data-id=\"f1efd7c\" data-element_type=\"container\" data-e-type=\"container\" data-settings=\"{&quot;background_background&quot;:&quot;classic&quot;}\">\n\t\t\t\t\t<div class=\"e-con-inner\">\n\t\t\t\t<div class=\"elementor-element elementor-element-eb30f4d elementor-widget elementor-widget-heading\" data-id=\"eb30f4d\" data-element_type=\"widget\" data-e-type=\"widget\" data-widget_type=\"heading.default\">\n\t\t\t\t<div class=\"elementor-widget-container\">\n\t\t\t\t\t<h2 class=\"elementor-heading-title elementor-size-default\">Tutoriales<\/h2>\t\t\t\t<\/div>\n\t\t\t\t<\/div>\n\t\t\t\t\t<\/div>\n\t\t\t\t<\/div>\n\t\t<div class=\"elementor-element elementor-element-317ad6e e-flex e-con-boxed e-con e-parent\" data-id=\"317ad6e\" data-element_type=\"container\" data-e-type=\"container\" data-settings=\"{&quot;background_background&quot;:&quot;classic&quot;}\">\n\t\t\t\t\t<div class=\"e-con-inner\">\n\t\t<div class=\"elementor-element elementor-element-0f81382 e-con-full e-flex e-con e-child\" data-id=\"0f81382\" data-element_type=\"container\" data-e-type=\"container\">\n\t\t\t\t<div class=\"elementor-element elementor-element-0e83f5e elementor-widget elementor-widget-heading\" data-id=\"0e83f5e\" data-element_type=\"widget\" data-e-type=\"widget\" data-widget_type=\"heading.default\">\n\t\t\t\t<div class=\"elementor-widget-container\">\n\t\t\t\t\t<h4 class=\"elementor-heading-title elementor-size-default\">Colocaci\u00f3n<\/h4>\t\t\t\t<\/div>\n\t\t\t\t<\/div>\n\t\t\t\t<div class=\"elementor-element elementor-element-337a058 elementor-widget elementor-widget-video\" data-id=\"337a058\" data-element_type=\"widget\" data-e-type=\"widget\" data-settings=\"{&quot;youtube_url&quot;:&quot;https:\\\/\\\/youtu.be\\\/lFNTcpLZdVg?si=dqrSyG6mITEgQUq8&quot;,&quot;video_type&quot;:&quot;youtube&quot;,&quot;controls&quot;:&quot;yes&quot;}\" data-widget_type=\"video.default\">\n\t\t\t\t<div class=\"elementor-widget-container\">\n\t\t\t\t\t\t\t<div class=\"elementor-wrapper elementor-open-inline\">\n\t\t\t<div class=\"elementor-video\"><\/div>\t\t<\/div>\n\t\t\t\t\t\t<\/div>\n\t\t\t\t<\/div>\n\t\t\t\t<\/div>\n\t\t\t\t\t<\/div>\n\t\t\t\t<\/div>\n\t\t<div class=\"elementor-element elementor-element-c5753ce e-flex e-con-boxed e-con e-parent\" data-id=\"c5753ce\" data-element_type=\"container\" data-e-type=\"container\">\n\t\t\t\t\t<div class=\"e-con-inner\">\n\t\t<div class=\"elementor-element elementor-element-5aa4249 e-con-full e-flex e-con e-child\" data-id=\"5aa4249\" data-element_type=\"container\" data-e-type=\"container\">\n\t\t\t\t<div class=\"elementor-element elementor-element-6a1d41c elementor-widget elementor-widget-image\" data-id=\"6a1d41c\" data-element_type=\"widget\" data-e-type=\"widget\" data-widget_type=\"image.default\">\n\t\t\t\t<div class=\"elementor-widget-container\">\n\t\t\t\t\t\t\t\t\t\t\t\t\t\t\t<img loading=\"lazy\" decoding=\"async\" width=\"800\" height=\"530\" src=\"https:\/\/hydroglass.com.ar\/clientes\/wp-content\/uploads\/2026\/02\/Banner-SuperDuty-1024x678.jpg\" class=\"attachment-large size-large wp-image-10569\" alt=\"\" srcset=\"https:\/\/hydroglass.com.ar\/clientes\/wp-content\/uploads\/2026\/02\/Banner-SuperDuty-1024x678.jpg 1024w, https:\/\/hydroglass.com.ar\/clientes\/wp-content\/uploads\/2026\/02\/Banner-SuperDuty-300x199.jpg 300w, https:\/\/hydroglass.com.ar\/clientes\/wp-content\/uploads\/2026\/02\/Banner-SuperDuty-768x509.jpg 768w, https:\/\/hydroglass.com.ar\/clientes\/wp-content\/uploads\/2026\/02\/Banner-SuperDuty-600x398.jpg 600w, https:\/\/hydroglass.com.ar\/clientes\/wp-content\/uploads\/2026\/02\/Banner-SuperDuty.jpg 1200w\" sizes=\"(max-width: 800px) 100vw, 800px\" \/>\t\t\t\t\t\t\t\t\t\t\t\t\t\t\t<\/div>\n\t\t\t\t<\/div>\n\t\t\t\t<\/div>\n\t\t<div class=\"elementor-element elementor-element-d9931c9 e-con-full e-flex e-con e-child\" data-id=\"d9931c9\" data-element_type=\"container\" data-e-type=\"container\">\n\t\t\t\t<div class=\"elementor-element elementor-element-f0d3acf elementor-position-inline-start elementor-view-default elementor-mobile-position-block-start elementor-widget elementor-widget-icon-box\" data-id=\"f0d3acf\" data-element_type=\"widget\" data-e-type=\"widget\" data-widget_type=\"icon-box.default\">\n\t\t\t\t<div class=\"elementor-widget-container\">\n\t\t\t\t\t\t\t<div class=\"elementor-icon-box-wrapper\">\n\n\t\t\t\t\t\t<div class=\"elementor-icon-box-icon\">\n\t\t\t\t<span  class=\"elementor-icon\">\n\t\t\t\t<svg aria-hidden=\"true\" class=\"e-font-icon-svg e-far-folder-open\" viewBox=\"0 0 576 512\" xmlns=\"http:\/\/www.w3.org\/2000\/svg\"><path d=\"M527.9 224H480v-48c0-26.5-21.5-48-48-48H272l-64-64H48C21.5 64 0 85.5 0 112v288c0 26.5 21.5 48 48 48h400c16.5 0 31.9-8.5 40.7-22.6l79.9-128c20-31.9-3-73.4-40.7-73.4zM48 118c0-3.3 2.7-6 6-6h134.1l64 64H426c3.3 0 6 2.7 6 6v42H152c-16.8 0-32.4 8.8-41.1 23.2L48 351.4zm400 282H72l77.2-128H528z\"><\/path><\/svg>\t\t\t\t<\/span>\n\t\t\t<\/div>\n\t\t\t\n\t\t\t\t\t\t<div class=\"elementor-icon-box-content\">\n\n\t\t\t\t\t\t\t\t\t<h3 class=\"elementor-icon-box-title\">\n\t\t\t\t\t\t<span  >\n\t\t\t\t\t\t\tDescargas\t\t\t\t\t\t<\/span>\n\t\t\t\t\t<\/h3>\n\t\t\t\t\n\t\t\t\t\n\t\t\t<\/div>\n\t\t\t\n\t\t<\/div>\n\t\t\t\t\t\t<\/div>\n\t\t\t\t<\/div>\n\t\t\t\t<div class=\"elementor-element elementor-element-7bee06b elementor-icon-list--layout-traditional elementor-list-item-link-full_width elementor-widget elementor-widget-icon-list\" data-id=\"7bee06b\" data-element_type=\"widget\" data-e-type=\"widget\" data-widget_type=\"icon-list.default\">\n\t\t\t\t<div class=\"elementor-widget-container\">\n\t\t\t\t\t\t\t<ul class=\"elementor-icon-list-items\">\n\t\t\t\t\t\t\t<li class=\"elementor-icon-list-item\">\n\t\t\t\t\t\t\t\t\t\t\t<span class=\"elementor-icon-list-icon\">\n\t\t\t\t\t\t\t<svg aria-hidden=\"true\" class=\"e-font-icon-svg e-far-arrow-alt-circle-down\" viewBox=\"0 0 512 512\" xmlns=\"http:\/\/www.w3.org\/2000\/svg\"><path d=\"M256 8C119 8 8 119 8 256s111 248 248 248 248-111 248-248S393 8 256 8zm0 448c-110.5 0-200-89.5-200-200S145.5 56 256 56s200 89.5 200 200-89.5 200-200 200zm-32-316v116h-67c-10.7 0-16 12.9-8.5 20.5l99 99c4.7 4.7 12.3 4.7 17 0l99-99c7.6-7.6 2.2-20.5-8.5-20.5h-67V140c0-6.6-5.4-12-12-12h-40c-6.6 0-12 5.4-12 12z\"><\/path><\/svg>\t\t\t\t\t\t<\/span>\n\t\t\t\t\t\t\t\t\t\t<span class=\"elementor-icon-list-text\">Material para redes sociales<\/span>\n\t\t\t\t\t\t\t\t\t<\/li>\n\t\t\t\t\t\t<\/ul>\n\t\t\t\t\t\t<\/div>\n\t\t\t\t<\/div>\n\t\t\t\t<\/div>\n\t\t\t\t\t<\/div>\n\t\t\t\t<\/div>\n\t\t<div class=\"elementor-element elementor-element-d12c8d0 e-flex e-con-boxed e-con e-parent\" data-id=\"d12c8d0\" data-element_type=\"container\" data-e-type=\"container\" data-settings=\"{&quot;background_background&quot;:&quot;classic&quot;}\">\n\t\t\t\t\t<div class=\"e-con-inner\">\n\t\t<div class=\"elementor-element elementor-element-b8f7509 e-con-full e-flex e-con e-child\" data-id=\"b8f7509\" data-element_type=\"container\" data-e-type=\"container\">\n\t\t\t\t<div class=\"elementor-element elementor-element-cd56f12 elementor-widget elementor-widget-image\" data-id=\"cd56f12\" data-element_type=\"widget\" data-e-type=\"widget\" data-widget_type=\"image.default\">\n\t\t\t\t<div class=\"elementor-widget-container\">\n\t\t\t\t\t\t\t\t\t\t\t\t\t\t\t<img loading=\"lazy\" decoding=\"async\" width=\"800\" height=\"800\" src=\"https:\/\/hydroglass.com.ar\/clientes\/wp-content\/uploads\/2025\/02\/Packing-SuperDuty.png\" class=\"attachment-large size-large wp-image-8366\" alt=\"\" srcset=\"https:\/\/hydroglass.com.ar\/clientes\/wp-content\/uploads\/2025\/02\/Packing-SuperDuty.png 1000w, https:\/\/hydroglass.com.ar\/clientes\/wp-content\/uploads\/2025\/02\/Packing-SuperDuty-300x300.png 300w, https:\/\/hydroglass.com.ar\/clientes\/wp-content\/uploads\/2025\/02\/Packing-SuperDuty-150x150.png 150w, https:\/\/hydroglass.com.ar\/clientes\/wp-content\/uploads\/2025\/02\/Packing-SuperDuty-768x768.png 768w, https:\/\/hydroglass.com.ar\/clientes\/wp-content\/uploads\/2025\/02\/Packing-SuperDuty-400x400.png 400w, https:\/\/hydroglass.com.ar\/clientes\/wp-content\/uploads\/2025\/02\/Packing-SuperDuty-600x600.png 600w, https:\/\/hydroglass.com.ar\/clientes\/wp-content\/uploads\/2025\/02\/Packing-SuperDuty-100x100.png 100w\" sizes=\"(max-width: 800px) 100vw, 800px\" \/>\t\t\t\t\t\t\t\t\t\t\t\t\t\t\t<\/div>\n\t\t\t\t<\/div>\n\t\t\t\t<\/div>\n\t\t<div class=\"elementor-element elementor-element-ddac55a e-con-full e-flex e-con e-child\" data-id=\"ddac55a\" data-element_type=\"container\" data-e-type=\"container\">\n\t\t\t\t<div class=\"elementor-element elementor-element-d6dfb5f elementor-widget elementor-widget-heading\" data-id=\"d6dfb5f\" data-element_type=\"widget\" data-e-type=\"widget\" data-widget_type=\"heading.default\">\n\t\t\t\t<div class=\"elementor-widget-container\">\n\t\t\t\t\t<h2 class=\"elementor-heading-title elementor-size-default\">Adquir\u00ed ahora tu pack de l\u00e1minas Super Duty<\/h2>\t\t\t\t<\/div>\n\t\t\t\t<\/div>\n\t\t\t\t<div class=\"elementor-element elementor-element-293160a elementor-mobile-align-center elementor-widget elementor-widget-button\" data-id=\"293160a\" data-element_type=\"widget\" data-e-type=\"widget\" data-widget_type=\"button.default\">\n\t\t\t\t<div class=\"elementor-widget-container\">\n\t\t\t\t\t\t\t\t\t<div class=\"elementor-button-wrapper\">\n\t\t\t\t\t<a class=\"elementor-button elementor-button-link elementor-size-sm\" href=\"https:\/\/hydroglass.com.ar\/clientes\/producto\/super-duty-25-laminas\/\">\n\t\t\t\t\t\t<span class=\"elementor-button-content-wrapper\">\n\t\t\t\t\t\t\t\t\t<span class=\"elementor-button-text\">Ir a tienda<\/span>\n\t\t\t\t\t<\/span>\n\t\t\t\t\t<\/a>\n\t\t\t\t<\/div>\n\t\t\t\t\t\t\t\t<\/div>\n\t\t\t\t<\/div>\n\t\t\t\t<\/div>\n\t\t\t\t\t<\/div>\n\t\t\t\t<\/div>\n\t\t\t\t<\/div>\n\t\t","protected":false},"excerpt":{"rendered":"<p>SUPER DUTY M\u00e1xima protecci\u00f3n y autorreparaci\u00f3n imediata Protege al m\u00e1ximos las pantallas Comprar \u00bfCuando ofrecer una l\u00e1mina Super Duty? La protecci\u00f3n SUPER DUTY est\u00e1 creada con una nueva tecnolog\u00eda que permite la autorreparaci\u00f3n inmediata, con una m\u00e1xima absorci\u00f3n de impactos y logrando una excelente experiencia de usuario gracias a la definici\u00f3n UltraHD. Esta combinaci\u00f3n de [&hellip;]<\/p>\n","protected":false},"author":1345,"featured_media":0,"parent":0,"menu_order":0,"comment_status":"closed","ping_status":"closed","template":"","meta":{"_acf_changed":false,"footnotes":""},"class_list":["post-6625","page","type-page","status-publish","hentry"],"acf":[],"_links":{"self":[{"href":"https:\/\/hydroglass.com.ar\/clientes\/wp-json\/wp\/v2\/pages\/6625","targetHints":{"allow":["GET"]}}],"collection":[{"href":"https:\/\/hydroglass.com.ar\/clientes\/wp-json\/wp\/v2\/pages"}],"about":[{"href":"https:\/\/hydroglass.com.ar\/clientes\/wp-json\/wp\/v2\/types\/page"}],"author":[{"embeddable":true,"href":"https:\/\/hydroglass.com.ar\/clientes\/wp-json\/wp\/v2\/users\/1345"}],"replies":[{"embeddable":true,"href":"https:\/\/hydroglass.com.ar\/clientes\/wp-json\/wp\/v2\/comments?post=6625"}],"version-history":[{"count":10,"href":"https:\/\/hydroglass.com.ar\/clientes\/wp-json\/wp\/v2\/pages\/6625\/revisions"}],"predecessor-version":[{"id":11039,"href":"https:\/\/hydroglass.com.ar\/clientes\/wp-json\/wp\/v2\/pages\/6625\/revisions\/11039"}],"wp:attachment":[{"href":"https:\/\/hydroglass.com.ar\/clientes\/wp-json\/wp\/v2\/media?parent=6625"}],"curies":[{"name":"wp","href":"https:\/\/api.w.org\/{rel}","templated":true}]}}