{"id":3808,"date":"2024-05-27T15:15:01","date_gmt":"2024-05-27T18:15:01","guid":{"rendered":"https:\/\/hydroglass.com.ar\/clientes\/?page_id=3808"},"modified":"2026-03-05T21:02:02","modified_gmt":"2026-03-06T00:02:02","slug":"folded","status":"publish","type":"page","link":"https:\/\/hydroglass.com.ar\/clientes\/folded\/","title":{"rendered":"Folded"},"content":{"rendered":"\t\t<div data-elementor-type=\"wp-page\" data-elementor-id=\"3808\" class=\"elementor elementor-3808\" data-elementor-post-type=\"page\">\n\t\t\t\t<div class=\"elementor-element elementor-element-1cd65b5 e-flex e-con-boxed e-con e-parent\" data-id=\"1cd65b5\" data-element_type=\"container\" data-e-type=\"container\" data-settings=\"{&quot;background_background&quot;:&quot;classic&quot;}\">\n\t\t\t\t\t<div class=\"e-con-inner\">\n\t\t<div class=\"elementor-element elementor-element-d3a2880 e-con-full e-flex e-con e-child\" data-id=\"d3a2880\" data-element_type=\"container\" data-e-type=\"container\">\n\t\t<div class=\"elementor-element elementor-element-4691fb2 e-con-full e-flex e-con e-child\" data-id=\"4691fb2\" data-element_type=\"container\" data-e-type=\"container\">\n\t\t\t\t<div class=\"elementor-element elementor-element-9e786ea elementor-widget__width-auto elementor-widget elementor-widget-heading\" data-id=\"9e786ea\" data-element_type=\"widget\" data-e-type=\"widget\" data-widget_type=\"heading.default\">\n\t\t\t\t<div class=\"elementor-widget-container\">\n\t\t\t\t\t<h5 class=\"elementor-heading-title elementor-size-default\">FOLDED<\/h5>\t\t\t\t<\/div>\n\t\t\t\t<\/div>\n\t\t\t\t<\/div>\n\t\t\t\t<div class=\"elementor-element elementor-element-e97a4a5 elementor-widget elementor-widget-heading\" data-id=\"e97a4a5\" data-element_type=\"widget\" data-e-type=\"widget\" data-widget_type=\"heading.default\">\n\t\t\t\t<div class=\"elementor-widget-container\">\n\t\t\t\t\t<h1 class=\"elementor-heading-title elementor-size-default\">Gran formato para pantallas flexibles<\/h1>\t\t\t\t<\/div>\n\t\t\t\t<\/div>\n\t\t\t\t<div class=\"elementor-element elementor-element-04a90ae elementor-widget elementor-widget-text-editor\" data-id=\"04a90ae\" data-element_type=\"widget\" data-e-type=\"widget\" data-widget_type=\"text-editor.default\">\n\t\t\t\t<div class=\"elementor-widget-container\">\n\t\t\t\t\t\t\t\t\t<p>La tecnolog\u00eda Curved te permite alcanzar nuevos segmentos del mercado y ofrecer protecci\u00f3n a todo tiop de pantallas.<\/p>\t\t\t\t\t\t\t\t<\/div>\n\t\t\t\t<\/div>\n\t\t\t\t<div class=\"elementor-element elementor-element-b6dd7ab elementor-widget elementor-widget-button\" data-id=\"b6dd7ab\" data-element_type=\"widget\" data-e-type=\"widget\" data-widget_type=\"button.default\">\n\t\t\t\t<div class=\"elementor-widget-container\">\n\t\t\t\t\t\t\t\t\t<div class=\"elementor-button-wrapper\">\n\t\t\t\t\t<a class=\"elementor-button elementor-button-link elementor-size-sm\" href=\"https:\/\/hydroglass.com.ar\/clientes\/producto\/folded-25-laminas\/\">\n\t\t\t\t\t\t<span class=\"elementor-button-content-wrapper\">\n\t\t\t\t\t\t\t\t\t<span class=\"elementor-button-text\">Comprar<\/span>\n\t\t\t\t\t<\/span>\n\t\t\t\t\t<\/a>\n\t\t\t\t<\/div>\n\t\t\t\t\t\t\t\t<\/div>\n\t\t\t\t<\/div>\n\t\t\t\t<\/div>\n\t\t\t\t\t<\/div>\n\t\t\t\t<\/div>\n\t\t<div class=\"elementor-element elementor-element-313dffb e-flex e-con-boxed e-con e-parent\" data-id=\"313dffb\" data-element_type=\"container\" data-e-type=\"container\" data-settings=\"{&quot;background_background&quot;:&quot;classic&quot;}\">\n\t\t\t\t\t<div class=\"e-con-inner\">\n\t\t<div class=\"elementor-element elementor-element-6991760 e-con-full e-flex e-con e-child\" data-id=\"6991760\" data-element_type=\"container\" data-e-type=\"container\">\n\t\t\t\t<div class=\"elementor-element elementor-element-4a01a39 elementor-widget elementor-widget-heading\" data-id=\"4a01a39\" data-element_type=\"widget\" data-e-type=\"widget\" data-widget_type=\"heading.default\">\n\t\t\t\t<div class=\"elementor-widget-container\">\n\t\t\t\t\t<h2 class=\"elementor-heading-title elementor-size-default\">\u00bfCuando ofrecer una l\u00e1mina curved?<\/h2>\t\t\t\t<\/div>\n\t\t\t\t<\/div>\n\t\t\t\t<div class=\"elementor-element elementor-element-627812e elementor-widget elementor-widget-text-editor\" data-id=\"627812e\" data-element_type=\"widget\" data-e-type=\"widget\" data-widget_type=\"text-editor.default\">\n\t\t\t\t<div class=\"elementor-widget-container\">\n\t\t\t\t\t\t\t\t\t<p>Las l\u00e1minas curved est\u00e1n especialmente <strong>creadas para pantallas curvas y plegables<\/strong>, gracias a su composici\u00f3n se adhieren perfectamente en los bordes y pliegues, evitando que se despeguen.<\/p>\t\t\t\t\t\t\t\t<\/div>\n\t\t\t\t<\/div>\n\t\t<div class=\"elementor-element elementor-element-16c7ee0 e-con-full e-flex e-con e-child\" data-id=\"16c7ee0\" data-element_type=\"container\" data-e-type=\"container\">\n\t\t<div class=\"elementor-element elementor-element-f5529d8 e-con-full e-flex e-con e-child\" data-id=\"f5529d8\" data-element_type=\"container\" data-e-type=\"container\">\n\t\t\t\t<div class=\"elementor-element elementor-element-7715291 elementor-widget elementor-widget-image\" data-id=\"7715291\" data-element_type=\"widget\" data-e-type=\"widget\" data-widget_type=\"image.default\">\n\t\t\t\t<div class=\"elementor-widget-container\">\n\t\t\t\t\t\t\t\t\t\t\t\t\t\t\t<img fetchpriority=\"high\" decoding=\"async\" width=\"550\" height=\"550\" src=\"https:\/\/hydroglass.com.ar\/clientes\/wp-content\/uploads\/2024\/06\/hd.png\" class=\"attachment-large size-large wp-image-4173\" alt=\"\" srcset=\"https:\/\/hydroglass.com.ar\/clientes\/wp-content\/uploads\/2024\/06\/hd.png 550w, https:\/\/hydroglass.com.ar\/clientes\/wp-content\/uploads\/2024\/06\/hd-300x300.png 300w, https:\/\/hydroglass.com.ar\/clientes\/wp-content\/uploads\/2024\/06\/hd-150x150.png 150w, https:\/\/hydroglass.com.ar\/clientes\/wp-content\/uploads\/2024\/06\/hd-100x100.png 100w\" sizes=\"(max-width: 550px) 100vw, 550px\" \/>\t\t\t\t\t\t\t\t\t\t\t\t\t\t\t<\/div>\n\t\t\t\t<\/div>\n\t\t\t\t<div class=\"elementor-element elementor-element-1de8651 elementor-widget elementor-widget-text-editor\" data-id=\"1de8651\" data-element_type=\"widget\" data-e-type=\"widget\" data-widget_type=\"text-editor.default\">\n\t\t\t\t<div class=\"elementor-widget-container\">\n\t\t\t\t\t\t\t\t\t<p>Calidad HD<\/p>\t\t\t\t\t\t\t\t<\/div>\n\t\t\t\t<\/div>\n\t\t\t\t<\/div>\n\t\t<div class=\"elementor-element elementor-element-246aa6f e-con-full e-flex e-con e-child\" data-id=\"246aa6f\" data-element_type=\"container\" data-e-type=\"container\">\n\t\t\t\t<div class=\"elementor-element elementor-element-e7f7ebb elementor-widget elementor-widget-image\" data-id=\"e7f7ebb\" data-element_type=\"widget\" data-e-type=\"widget\" data-widget_type=\"image.default\">\n\t\t\t\t<div class=\"elementor-widget-container\">\n\t\t\t\t\t\t\t\t\t\t\t\t\t\t\t<img decoding=\"async\" width=\"550\" height=\"551\" src=\"https:\/\/hydroglass.com.ar\/clientes\/wp-content\/uploads\/2024\/06\/pantallas-flexibles.png\" class=\"attachment-large size-large wp-image-4221\" alt=\"\" srcset=\"https:\/\/hydroglass.com.ar\/clientes\/wp-content\/uploads\/2024\/06\/pantallas-flexibles.png 550w, https:\/\/hydroglass.com.ar\/clientes\/wp-content\/uploads\/2024\/06\/pantallas-flexibles-300x300.png 300w, https:\/\/hydroglass.com.ar\/clientes\/wp-content\/uploads\/2024\/06\/pantallas-flexibles-150x150.png 150w, https:\/\/hydroglass.com.ar\/clientes\/wp-content\/uploads\/2024\/06\/pantallas-flexibles-100x100.png 100w\" sizes=\"(max-width: 550px) 100vw, 550px\" \/>\t\t\t\t\t\t\t\t\t\t\t\t\t\t\t<\/div>\n\t\t\t\t<\/div>\n\t\t\t\t<div class=\"elementor-element elementor-element-c970d3f elementor-widget elementor-widget-text-editor\" data-id=\"c970d3f\" data-element_type=\"widget\" data-e-type=\"widget\" data-widget_type=\"text-editor.default\">\n\t\t\t\t<div class=\"elementor-widget-container\">\n\t\t\t\t\t\t\t\t\t<p>Pantallas Flexibles<\/p>\t\t\t\t\t\t\t\t<\/div>\n\t\t\t\t<\/div>\n\t\t\t\t<\/div>\n\t\t<div class=\"elementor-element elementor-element-4bd488c e-con-full e-flex e-con e-child\" data-id=\"4bd488c\" data-element_type=\"container\" data-e-type=\"container\">\n\t\t\t\t<div class=\"elementor-element elementor-element-ecc6bce elementor-widget elementor-widget-image\" data-id=\"ecc6bce\" data-element_type=\"widget\" data-e-type=\"widget\" data-widget_type=\"image.default\">\n\t\t\t\t<div class=\"elementor-widget-container\">\n\t\t\t\t\t\t\t\t\t\t\t\t\t\t\t<img fetchpriority=\"high\" decoding=\"async\" width=\"550\" height=\"550\" src=\"https:\/\/hydroglass.com.ar\/clientes\/wp-content\/uploads\/2024\/06\/hd.png\" class=\"attachment-large size-large wp-image-4173\" alt=\"\" srcset=\"https:\/\/hydroglass.com.ar\/clientes\/wp-content\/uploads\/2024\/06\/hd.png 550w, https:\/\/hydroglass.com.ar\/clientes\/wp-content\/uploads\/2024\/06\/hd-300x300.png 300w, https:\/\/hydroglass.com.ar\/clientes\/wp-content\/uploads\/2024\/06\/hd-150x150.png 150w, https:\/\/hydroglass.com.ar\/clientes\/wp-content\/uploads\/2024\/06\/hd-100x100.png 100w\" sizes=\"(max-width: 550px) 100vw, 550px\" \/>\t\t\t\t\t\t\t\t\t\t\t\t\t\t\t<\/div>\n\t\t\t\t<\/div>\n\t\t\t\t<div class=\"elementor-element elementor-element-682d028 elementor-widget elementor-widget-text-editor\" data-id=\"682d028\" data-element_type=\"widget\" data-e-type=\"widget\" data-widget_type=\"text-editor.default\">\n\t\t\t\t<div class=\"elementor-widget-container\">\n\t\t\t\t\t\t\t\t\t<p>Pantallas Curvas<\/p>\t\t\t\t\t\t\t\t<\/div>\n\t\t\t\t<\/div>\n\t\t\t\t<\/div>\n\t\t<div class=\"elementor-element elementor-element-cbe0d9d e-con-full e-flex e-con e-child\" data-id=\"cbe0d9d\" data-element_type=\"container\" data-e-type=\"container\">\n\t\t\t\t<div class=\"elementor-element elementor-element-fe6487b elementor-widget elementor-widget-image\" data-id=\"fe6487b\" data-element_type=\"widget\" data-e-type=\"widget\" data-widget_type=\"image.default\">\n\t\t\t\t<div class=\"elementor-widget-container\">\n\t\t\t\t\t\t\t\t\t\t\t\t\t\t\t<img fetchpriority=\"high\" decoding=\"async\" width=\"550\" height=\"550\" src=\"https:\/\/hydroglass.com.ar\/clientes\/wp-content\/uploads\/2024\/06\/hd.png\" class=\"attachment-large size-large wp-image-4173\" alt=\"\" srcset=\"https:\/\/hydroglass.com.ar\/clientes\/wp-content\/uploads\/2024\/06\/hd.png 550w, https:\/\/hydroglass.com.ar\/clientes\/wp-content\/uploads\/2024\/06\/hd-300x300.png 300w, https:\/\/hydroglass.com.ar\/clientes\/wp-content\/uploads\/2024\/06\/hd-150x150.png 150w, https:\/\/hydroglass.com.ar\/clientes\/wp-content\/uploads\/2024\/06\/hd-100x100.png 100w\" sizes=\"(max-width: 550px) 100vw, 550px\" \/>\t\t\t\t\t\t\t\t\t\t\t\t\t\t\t<\/div>\n\t\t\t\t<\/div>\n\t\t\t\t<div class=\"elementor-element elementor-element-a5dced1 elementor-widget elementor-widget-text-editor\" data-id=\"a5dced1\" data-element_type=\"widget\" data-e-type=\"widget\" data-widget_type=\"text-editor.default\">\n\t\t\t\t<div class=\"elementor-widget-container\">\n\t\t\t\t\t\t\t\t\t<p>Lee la huella digital<\/p>\t\t\t\t\t\t\t\t<\/div>\n\t\t\t\t<\/div>\n\t\t\t\t<\/div>\n\t\t\t\t<\/div>\n\t\t\t\t<\/div>\n\t\t<div class=\"elementor-element elementor-element-e2beeaf e-con-full e-flex e-con e-child\" data-id=\"e2beeaf\" data-element_type=\"container\" data-e-type=\"container\">\n\t\t\t\t<div class=\"elementor-element elementor-element-3c21cda elementor-widget elementor-widget-image\" data-id=\"3c21cda\" data-element_type=\"widget\" data-e-type=\"widget\" data-widget_type=\"image.default\">\n\t\t\t\t<div class=\"elementor-widget-container\">\n\t\t\t\t\t\t\t\t\t\t\t\t\t\t\t<img decoding=\"async\" width=\"765\" height=\"1024\" src=\"https:\/\/hydroglass.com.ar\/clientes\/wp-content\/uploads\/2026\/02\/curved-producto-765x1024.jpeg\" class=\"attachment-large size-large wp-image-10522\" alt=\"\" srcset=\"https:\/\/hydroglass.com.ar\/clientes\/wp-content\/uploads\/2026\/02\/curved-producto-765x1024.jpeg 765w, https:\/\/hydroglass.com.ar\/clientes\/wp-content\/uploads\/2026\/02\/curved-producto-224x300.jpeg 224w, https:\/\/hydroglass.com.ar\/clientes\/wp-content\/uploads\/2026\/02\/curved-producto-768x1029.jpeg 768w, https:\/\/hydroglass.com.ar\/clientes\/wp-content\/uploads\/2026\/02\/curved-producto-1147x1536.jpeg 1147w, https:\/\/hydroglass.com.ar\/clientes\/wp-content\/uploads\/2026\/02\/curved-producto-1529x2048.jpeg 1529w, https:\/\/hydroglass.com.ar\/clientes\/wp-content\/uploads\/2026\/02\/curved-producto-600x804.jpeg 600w, https:\/\/hydroglass.com.ar\/clientes\/wp-content\/uploads\/2026\/02\/curved-producto.jpeg 1792w\" sizes=\"(max-width: 765px) 100vw, 765px\" \/>\t\t\t\t\t\t\t\t\t\t\t\t\t\t\t<\/div>\n\t\t\t\t<\/div>\n\t\t\t\t<\/div>\n\t\t\t\t\t<\/div>\n\t\t\t\t<\/div>\n\t\t<div class=\"elementor-element elementor-element-e8e00b7 e-flex e-con-boxed e-con e-parent\" data-id=\"e8e00b7\" data-element_type=\"container\" data-e-type=\"container\">\n\t\t\t\t\t<div class=\"e-con-inner\">\n\t\t<div class=\"elementor-element elementor-element-52cc0a2 e-con-full e-flex e-con e-child\" data-id=\"52cc0a2\" data-element_type=\"container\" data-e-type=\"container\">\n\t\t\t\t<div class=\"elementor-element elementor-element-98775c9 elementor-widget elementor-widget-image\" data-id=\"98775c9\" data-element_type=\"widget\" data-e-type=\"widget\" data-widget_type=\"image.default\">\n\t\t\t\t<div class=\"elementor-widget-container\">\n\t\t\t\t\t\t\t\t\t\t\t\t\t\t\t<img loading=\"lazy\" decoding=\"async\" width=\"768\" height=\"509\" src=\"https:\/\/hydroglass.com.ar\/clientes\/wp-content\/uploads\/2025\/02\/Folded-productos.png\" class=\"attachment-large size-large wp-image-8390\" alt=\"\" srcset=\"https:\/\/hydroglass.com.ar\/clientes\/wp-content\/uploads\/2025\/02\/Folded-productos.png 768w, https:\/\/hydroglass.com.ar\/clientes\/wp-content\/uploads\/2025\/02\/Folded-productos-300x199.png 300w, https:\/\/hydroglass.com.ar\/clientes\/wp-content\/uploads\/2025\/02\/Folded-productos-600x398.png 600w\" sizes=\"(max-width: 768px) 100vw, 768px\" \/>\t\t\t\t\t\t\t\t\t\t\t\t\t\t\t<\/div>\n\t\t\t\t<\/div>\n\t\t\t\t<\/div>\n\t\t<div class=\"elementor-element elementor-element-aa51951 e-con-full e-flex e-con e-child\" data-id=\"aa51951\" data-element_type=\"container\" data-e-type=\"container\">\n\t\t\t\t<div class=\"elementor-element elementor-element-0b011de elementor-widget elementor-widget-heading\" data-id=\"0b011de\" data-element_type=\"widget\" data-e-type=\"widget\" data-widget_type=\"heading.default\">\n\t\t\t\t<div class=\"elementor-widget-container\">\n\t\t\t\t\t<h2 class=\"elementor-heading-title elementor-size-default\">Especificaciones<\/h2>\t\t\t\t<\/div>\n\t\t\t\t<\/div>\n\t\t\t\t<div class=\"elementor-element elementor-element-bd2b5ea elementor-widget elementor-widget-text-editor\" data-id=\"bd2b5ea\" data-element_type=\"widget\" data-e-type=\"widget\" data-widget_type=\"text-editor.default\">\n\t\t\t\t<div class=\"elementor-widget-container\">\n\t\t\t\t\t\t\t\t\t<p><strong>Presentaci\u00f3n:<\/strong><br \/>Pack de 25 unidades<\/p><p><strong>Ideal para:<\/strong><\/p><ul><li>Samsung linea Z Fold<\/li><li>Linea Pixel Pro Fold<\/li><li>Cortes 360\u00b0<\/li><\/ul><div>\u00a0<\/div><p><strong>Tama\u00f1o m\u00e1ximo de pantalla:<\/strong><br \/>Hasta 8&#8242;<\/p>\t\t\t\t\t\t\t\t<\/div>\n\t\t\t\t<\/div>\n\t\t\t\t<\/div>\n\t\t\t\t\t<\/div>\n\t\t\t\t<\/div>\n\t\t<div class=\"elementor-element elementor-element-a110d54 elementor-hidden-desktop elementor-hidden-tablet elementor-hidden-mobile e-flex e-con-boxed e-con e-parent\" data-id=\"a110d54\" data-element_type=\"container\" data-e-type=\"container\" data-settings=\"{&quot;background_background&quot;:&quot;classic&quot;}\">\n\t\t\t\t\t<div class=\"e-con-inner\">\n\t\t\t\t<div class=\"elementor-element elementor-element-9b29c39 elementor-widget elementor-widget-heading\" data-id=\"9b29c39\" data-element_type=\"widget\" data-e-type=\"widget\" data-widget_type=\"heading.default\">\n\t\t\t\t<div class=\"elementor-widget-container\">\n\t\t\t\t\t<h2 class=\"elementor-heading-title elementor-size-default\">Tutoriales<\/h2>\t\t\t\t<\/div>\n\t\t\t\t<\/div>\n\t\t\t\t\t<\/div>\n\t\t\t\t<\/div>\n\t\t<div class=\"elementor-element elementor-element-ca71323 elementor-hidden-desktop elementor-hidden-tablet elementor-hidden-mobile e-flex e-con-boxed e-con e-parent\" data-id=\"ca71323\" data-element_type=\"container\" data-e-type=\"container\" data-settings=\"{&quot;background_background&quot;:&quot;classic&quot;}\">\n\t\t\t\t\t<div class=\"e-con-inner\">\n\t\t<div class=\"elementor-element elementor-element-68bf10a e-con-full e-flex e-con e-child\" data-id=\"68bf10a\" data-element_type=\"container\" data-e-type=\"container\">\n\t\t\t\t<div class=\"elementor-element elementor-element-afad843 elementor-widget elementor-widget-heading\" data-id=\"afad843\" data-element_type=\"widget\" data-e-type=\"widget\" data-widget_type=\"heading.default\">\n\t\t\t\t<div class=\"elementor-widget-container\">\n\t\t\t\t\t<h4 class=\"elementor-heading-title elementor-size-default\">Colocaci\u00f3n<\/h4>\t\t\t\t<\/div>\n\t\t\t\t<\/div>\n\t\t\t\t<div class=\"elementor-element elementor-element-5097c7e elementor-widget elementor-widget-video\" data-id=\"5097c7e\" data-element_type=\"widget\" data-e-type=\"widget\" data-settings=\"{&quot;youtube_url&quot;:&quot;https:\\\/\\\/youtu.be\\\/BbM2IL0okKs?si=Fo7k44eInqSXTWrk&quot;,&quot;video_type&quot;:&quot;youtube&quot;,&quot;controls&quot;:&quot;yes&quot;}\" data-widget_type=\"video.default\">\n\t\t\t\t<div class=\"elementor-widget-container\">\n\t\t\t\t\t\t\t<div class=\"elementor-wrapper elementor-open-inline\">\n\t\t\t<div class=\"elementor-video\"><\/div>\t\t<\/div>\n\t\t\t\t\t\t<\/div>\n\t\t\t\t<\/div>\n\t\t\t\t<\/div>\n\t\t\t\t\t<\/div>\n\t\t\t\t<\/div>\n\t\t<div class=\"elementor-element elementor-element-0946f08 e-flex e-con-boxed e-con e-parent\" data-id=\"0946f08\" data-element_type=\"container\" data-e-type=\"container\">\n\t\t\t\t\t<div class=\"e-con-inner\">\n\t\t<div class=\"elementor-element elementor-element-68a2b1f e-con-full e-flex e-con e-child\" data-id=\"68a2b1f\" data-element_type=\"container\" data-e-type=\"container\">\n\t\t\t\t<div class=\"elementor-element elementor-element-ebe2cd0 elementor-widget elementor-widget-image\" data-id=\"ebe2cd0\" data-element_type=\"widget\" data-e-type=\"widget\" data-widget_type=\"image.default\">\n\t\t\t\t<div class=\"elementor-widget-container\">\n\t\t\t\t\t\t\t\t\t\t\t\t\t\t\t<img loading=\"lazy\" decoding=\"async\" width=\"800\" height=\"530\" src=\"https:\/\/hydroglass.com.ar\/clientes\/wp-content\/uploads\/2026\/02\/Banner-Folded-1024x678.jpg\" class=\"attachment-large size-large wp-image-10566\" alt=\"\" srcset=\"https:\/\/hydroglass.com.ar\/clientes\/wp-content\/uploads\/2026\/02\/Banner-Folded-1024x678.jpg 1024w, https:\/\/hydroglass.com.ar\/clientes\/wp-content\/uploads\/2026\/02\/Banner-Folded-300x199.jpg 300w, https:\/\/hydroglass.com.ar\/clientes\/wp-content\/uploads\/2026\/02\/Banner-Folded-768x509.jpg 768w, https:\/\/hydroglass.com.ar\/clientes\/wp-content\/uploads\/2026\/02\/Banner-Folded-600x398.jpg 600w, https:\/\/hydroglass.com.ar\/clientes\/wp-content\/uploads\/2026\/02\/Banner-Folded.jpg 1200w\" sizes=\"(max-width: 800px) 100vw, 800px\" \/>\t\t\t\t\t\t\t\t\t\t\t\t\t\t\t<\/div>\n\t\t\t\t<\/div>\n\t\t\t\t<\/div>\n\t\t<div class=\"elementor-element elementor-element-c149b97 e-con-full e-flex e-con e-child\" data-id=\"c149b97\" data-element_type=\"container\" data-e-type=\"container\">\n\t\t\t\t<div class=\"elementor-element elementor-element-8db5e18 elementor-position-inline-start elementor-view-default elementor-mobile-position-block-start elementor-widget elementor-widget-icon-box\" data-id=\"8db5e18\" data-element_type=\"widget\" data-e-type=\"widget\" data-widget_type=\"icon-box.default\">\n\t\t\t\t<div class=\"elementor-widget-container\">\n\t\t\t\t\t\t\t<div class=\"elementor-icon-box-wrapper\">\n\n\t\t\t\t\t\t<div class=\"elementor-icon-box-icon\">\n\t\t\t\t<span  class=\"elementor-icon\">\n\t\t\t\t<svg aria-hidden=\"true\" class=\"e-font-icon-svg e-far-folder-open\" viewBox=\"0 0 576 512\" xmlns=\"http:\/\/www.w3.org\/2000\/svg\"><path d=\"M527.9 224H480v-48c0-26.5-21.5-48-48-48H272l-64-64H48C21.5 64 0 85.5 0 112v288c0 26.5 21.5 48 48 48h400c16.5 0 31.9-8.5 40.7-22.6l79.9-128c20-31.9-3-73.4-40.7-73.4zM48 118c0-3.3 2.7-6 6-6h134.1l64 64H426c3.3 0 6 2.7 6 6v42H152c-16.8 0-32.4 8.8-41.1 23.2L48 351.4zm400 282H72l77.2-128H528z\"><\/path><\/svg>\t\t\t\t<\/span>\n\t\t\t<\/div>\n\t\t\t\n\t\t\t\t\t\t<div class=\"elementor-icon-box-content\">\n\n\t\t\t\t\t\t\t\t\t<h3 class=\"elementor-icon-box-title\">\n\t\t\t\t\t\t<span  >\n\t\t\t\t\t\t\tDescargas\t\t\t\t\t\t<\/span>\n\t\t\t\t\t<\/h3>\n\t\t\t\t\n\t\t\t\t\n\t\t\t<\/div>\n\t\t\t\n\t\t<\/div>\n\t\t\t\t\t\t<\/div>\n\t\t\t\t<\/div>\n\t\t\t\t<div class=\"elementor-element elementor-element-4036f4e elementor-icon-list--layout-traditional elementor-list-item-link-full_width elementor-widget elementor-widget-icon-list\" data-id=\"4036f4e\" data-element_type=\"widget\" data-e-type=\"widget\" data-widget_type=\"icon-list.default\">\n\t\t\t\t<div class=\"elementor-widget-container\">\n\t\t\t\t\t\t\t<ul class=\"elementor-icon-list-items\">\n\t\t\t\t\t\t\t<li class=\"elementor-icon-list-item\">\n\t\t\t\t\t\t\t\t\t\t\t<span class=\"elementor-icon-list-icon\">\n\t\t\t\t\t\t\t<svg aria-hidden=\"true\" class=\"e-font-icon-svg e-far-arrow-alt-circle-down\" viewBox=\"0 0 512 512\" xmlns=\"http:\/\/www.w3.org\/2000\/svg\"><path d=\"M256 8C119 8 8 119 8 256s111 248 248 248 248-111 248-248S393 8 256 8zm0 448c-110.5 0-200-89.5-200-200S145.5 56 256 56s200 89.5 200 200-89.5 200-200 200zm-32-316v116h-67c-10.7 0-16 12.9-8.5 20.5l99 99c4.7 4.7 12.3 4.7 17 0l99-99c7.6-7.6 2.2-20.5-8.5-20.5h-67V140c0-6.6-5.4-12-12-12h-40c-6.6 0-12 5.4-12 12z\"><\/path><\/svg>\t\t\t\t\t\t<\/span>\n\t\t\t\t\t\t\t\t\t\t<span class=\"elementor-icon-list-text\">Material para redes sociales<\/span>\n\t\t\t\t\t\t\t\t\t<\/li>\n\t\t\t\t\t\t<\/ul>\n\t\t\t\t\t\t<\/div>\n\t\t\t\t<\/div>\n\t\t\t\t<\/div>\n\t\t\t\t\t<\/div>\n\t\t\t\t<\/div>\n\t\t<div class=\"elementor-element elementor-element-c4a7e7e e-flex e-con-boxed e-con e-parent\" data-id=\"c4a7e7e\" data-element_type=\"container\" data-e-type=\"container\" data-settings=\"{&quot;background_background&quot;:&quot;classic&quot;}\">\n\t\t\t\t\t<div class=\"e-con-inner\">\n\t\t<div class=\"elementor-element elementor-element-97da009 e-con-full e-flex e-con e-child\" data-id=\"97da009\" data-element_type=\"container\" data-e-type=\"container\">\n\t\t\t\t<div class=\"elementor-element elementor-element-94d5247 elementor-widget elementor-widget-image\" data-id=\"94d5247\" data-element_type=\"widget\" data-e-type=\"widget\" data-widget_type=\"image.default\">\n\t\t\t\t<div class=\"elementor-widget-container\">\n\t\t\t\t\t\t\t\t\t\t\t\t\t\t\t<img loading=\"lazy\" decoding=\"async\" width=\"800\" height=\"800\" src=\"https:\/\/hydroglass.com.ar\/clientes\/wp-content\/uploads\/2025\/02\/Packing-Folded.png\" class=\"attachment-large size-large wp-image-8368\" alt=\"\" srcset=\"https:\/\/hydroglass.com.ar\/clientes\/wp-content\/uploads\/2025\/02\/Packing-Folded.png 1000w, https:\/\/hydroglass.com.ar\/clientes\/wp-content\/uploads\/2025\/02\/Packing-Folded-300x300.png 300w, https:\/\/hydroglass.com.ar\/clientes\/wp-content\/uploads\/2025\/02\/Packing-Folded-150x150.png 150w, https:\/\/hydroglass.com.ar\/clientes\/wp-content\/uploads\/2025\/02\/Packing-Folded-768x768.png 768w, https:\/\/hydroglass.com.ar\/clientes\/wp-content\/uploads\/2025\/02\/Packing-Folded-400x400.png 400w, https:\/\/hydroglass.com.ar\/clientes\/wp-content\/uploads\/2025\/02\/Packing-Folded-600x600.png 600w, https:\/\/hydroglass.com.ar\/clientes\/wp-content\/uploads\/2025\/02\/Packing-Folded-100x100.png 100w\" sizes=\"(max-width: 800px) 100vw, 800px\" \/>\t\t\t\t\t\t\t\t\t\t\t\t\t\t\t<\/div>\n\t\t\t\t<\/div>\n\t\t\t\t<\/div>\n\t\t<div class=\"elementor-element elementor-element-92c1133 e-con-full e-flex e-con e-child\" data-id=\"92c1133\" data-element_type=\"container\" data-e-type=\"container\">\n\t\t\t\t<div class=\"elementor-element elementor-element-9bda6d3 elementor-widget elementor-widget-heading\" data-id=\"9bda6d3\" data-element_type=\"widget\" data-e-type=\"widget\" data-widget_type=\"heading.default\">\n\t\t\t\t<div class=\"elementor-widget-container\">\n\t\t\t\t\t<h2 class=\"elementor-heading-title elementor-size-default\">Adquir\u00ed ahora tu pack de l\u00e1minas Folded<\/h2>\t\t\t\t<\/div>\n\t\t\t\t<\/div>\n\t\t\t\t<div class=\"elementor-element elementor-element-54d803d elementor-mobile-align-center elementor-widget elementor-widget-button\" data-id=\"54d803d\" data-element_type=\"widget\" data-e-type=\"widget\" data-widget_type=\"button.default\">\n\t\t\t\t<div class=\"elementor-widget-container\">\n\t\t\t\t\t\t\t\t\t<div class=\"elementor-button-wrapper\">\n\t\t\t\t\t<a class=\"elementor-button elementor-button-link elementor-size-sm\" href=\"https:\/\/hydroglass.com.ar\/clientes\/producto\/folded-25-laminas\/\">\n\t\t\t\t\t\t<span class=\"elementor-button-content-wrapper\">\n\t\t\t\t\t\t\t\t\t<span class=\"elementor-button-text\">Ir a tienda<\/span>\n\t\t\t\t\t<\/span>\n\t\t\t\t\t<\/a>\n\t\t\t\t<\/div>\n\t\t\t\t\t\t\t\t<\/div>\n\t\t\t\t<\/div>\n\t\t\t\t<\/div>\n\t\t\t\t\t<\/div>\n\t\t\t\t<\/div>\n\t\t\t\t<\/div>\n\t\t","protected":false},"excerpt":{"rendered":"<p>FOLDED Gran formato para pantallas flexibles La tecnolog\u00eda Curved te permite alcanzar nuevos segmentos del mercado y ofrecer protecci\u00f3n a todo tiop de pantallas. Comprar \u00bfCuando ofrecer una l\u00e1mina curved? Las l\u00e1minas curved est\u00e1n especialmente creadas para pantallas curvas y plegables, gracias a su composici\u00f3n se adhieren perfectamente en los bordes y pliegues, evitando que [&hellip;]<\/p>\n","protected":false},"author":1345,"featured_media":0,"parent":0,"menu_order":0,"comment_status":"closed","ping_status":"closed","template":"","meta":{"_acf_changed":false,"footnotes":""},"class_list":["post-3808","page","type-page","status-publish","hentry"],"acf":[],"_links":{"self":[{"href":"https:\/\/hydroglass.com.ar\/clientes\/wp-json\/wp\/v2\/pages\/3808","targetHints":{"allow":["GET"]}}],"collection":[{"href":"https:\/\/hydroglass.com.ar\/clientes\/wp-json\/wp\/v2\/pages"}],"about":[{"href":"https:\/\/hydroglass.com.ar\/clientes\/wp-json\/wp\/v2\/types\/page"}],"author":[{"embeddable":true,"href":"https:\/\/hydroglass.com.ar\/clientes\/wp-json\/wp\/v2\/users\/1345"}],"replies":[{"embeddable":true,"href":"https:\/\/hydroglass.com.ar\/clientes\/wp-json\/wp\/v2\/comments?post=3808"}],"version-history":[{"count":11,"href":"https:\/\/hydroglass.com.ar\/clientes\/wp-json\/wp\/v2\/pages\/3808\/revisions"}],"predecessor-version":[{"id":11027,"href":"https:\/\/hydroglass.com.ar\/clientes\/wp-json\/wp\/v2\/pages\/3808\/revisions\/11027"}],"wp:attachment":[{"href":"https:\/\/hydroglass.com.ar\/clientes\/wp-json\/wp\/v2\/media?parent=3808"}],"curies":[{"name":"wp","href":"https:\/\/api.w.org\/{rel}","templated":true}]}}