{"id":10541,"date":"2026-02-24T01:18:10","date_gmt":"2026-02-24T04:18:10","guid":{"rendered":"https:\/\/hydroglass.com.ar\/clientes\/?page_id=10541"},"modified":"2026-03-05T20:59:41","modified_gmt":"2026-03-05T23:59:41","slug":"anti-espia-ultrahd","status":"publish","type":"page","link":"https:\/\/hydroglass.com.ar\/clientes\/anti-espia-ultrahd\/","title":{"rendered":"Anti Esp\u00eda UltraHD"},"content":{"rendered":"\t\t<div data-elementor-type=\"wp-page\" data-elementor-id=\"10541\" class=\"elementor elementor-10541\" data-elementor-post-type=\"page\">\n\t\t\t\t<div class=\"elementor-element elementor-element-f425d8a e-flex e-con-boxed e-con e-parent\" data-id=\"f425d8a\" data-element_type=\"container\" data-e-type=\"container\" data-settings=\"{&quot;background_background&quot;:&quot;classic&quot;}\">\n\t\t\t\t\t<div class=\"e-con-inner\">\n\t\t<div class=\"elementor-element elementor-element-c557d88 e-con-full e-flex e-con e-child\" data-id=\"c557d88\" data-element_type=\"container\" data-e-type=\"container\">\n\t\t<div class=\"elementor-element elementor-element-57bb7a7 e-con-full e-flex e-con e-child\" data-id=\"57bb7a7\" data-element_type=\"container\" data-e-type=\"container\">\n\t\t\t\t<div class=\"elementor-element elementor-element-7aa0a79 elementor-widget__width-auto elementor-widget elementor-widget-heading\" data-id=\"7aa0a79\" data-element_type=\"widget\" data-e-type=\"widget\" data-widget_type=\"heading.default\">\n\t\t\t\t<div class=\"elementor-widget-container\">\n\t\t\t\t\t<h5 class=\"elementor-heading-title elementor-size-default\">ANTI ESP\u00cdA ULTRAHD<\/h5>\t\t\t\t<\/div>\n\t\t\t\t<\/div>\n\t\t\t\t<\/div>\n\t\t\t\t<div class=\"elementor-element elementor-element-226ffae elementor-widget elementor-widget-heading\" data-id=\"226ffae\" data-element_type=\"widget\" data-e-type=\"widget\" data-widget_type=\"heading.default\">\n\t\t\t\t<div class=\"elementor-widget-container\">\n\t\t\t\t\t<h1 class=\"elementor-heading-title elementor-size-default\">Privacidad y definici\u00f3n<\/h1>\t\t\t\t<\/div>\n\t\t\t\t<\/div>\n\t\t\t\t<div class=\"elementor-element elementor-element-9da0f96 elementor-widget elementor-widget-text-editor\" data-id=\"9da0f96\" data-element_type=\"widget\" data-e-type=\"widget\" data-widget_type=\"text-editor.default\">\n\t\t\t\t<div class=\"elementor-widget-container\">\n\t\t\t\t\t\t\t\t\t<p>La mejor protecci\u00f3n contra golpes y de miradas indiscretas. Las l\u00e1minas Anti Esp\u00eda bloquea la visi\u00f3n en \u00e1ngulos de 30\u00b0 o mayores.<\/p>\t\t\t\t\t\t\t\t<\/div>\n\t\t\t\t<\/div>\n\t\t\t\t<div class=\"elementor-element elementor-element-6a11f38 elementor-widget elementor-widget-button\" data-id=\"6a11f38\" data-element_type=\"widget\" data-e-type=\"widget\" data-widget_type=\"button.default\">\n\t\t\t\t<div class=\"elementor-widget-container\">\n\t\t\t\t\t\t\t\t\t<div class=\"elementor-button-wrapper\">\n\t\t\t\t\t<a class=\"elementor-button elementor-button-link elementor-size-sm\" href=\"#\">\n\t\t\t\t\t\t<span class=\"elementor-button-content-wrapper\">\n\t\t\t\t\t\t\t\t\t<span class=\"elementor-button-text\">Comprar<\/span>\n\t\t\t\t\t<\/span>\n\t\t\t\t\t<\/a>\n\t\t\t\t<\/div>\n\t\t\t\t\t\t\t\t<\/div>\n\t\t\t\t<\/div>\n\t\t\t\t<\/div>\n\t\t\t\t\t<\/div>\n\t\t\t\t<\/div>\n\t\t<div class=\"elementor-element elementor-element-57d736a e-flex e-con-boxed e-con e-parent\" data-id=\"57d736a\" data-element_type=\"container\" data-e-type=\"container\" data-settings=\"{&quot;background_background&quot;:&quot;classic&quot;}\">\n\t\t\t\t\t<div class=\"e-con-inner\">\n\t\t<div class=\"elementor-element elementor-element-75916c4 e-con-full e-flex e-con e-child\" data-id=\"75916c4\" data-element_type=\"container\" data-e-type=\"container\">\n\t\t\t\t<div class=\"elementor-element elementor-element-c9a4443 elementor-widget elementor-widget-heading\" data-id=\"c9a4443\" data-element_type=\"widget\" data-e-type=\"widget\" data-widget_type=\"heading.default\">\n\t\t\t\t<div class=\"elementor-widget-container\">\n\t\t\t\t\t<h2 class=\"elementor-heading-title elementor-size-default\">\u00bfCuando ofrecer una l\u00e1mina Anti Esp\u00eda UltraHD?<\/h2>\t\t\t\t<\/div>\n\t\t\t\t<\/div>\n\t\t\t\t<div class=\"elementor-element elementor-element-9e0e97c elementor-widget elementor-widget-text-editor\" data-id=\"9e0e97c\" data-element_type=\"widget\" data-e-type=\"widget\" data-widget_type=\"text-editor.default\">\n\t\t\t\t<div class=\"elementor-widget-container\">\n\t\t\t\t\t\t\t\t\t<p>Las l\u00e1minas Anti Esp\u00eda est\u00e1n especialmente <strong>creadas para bloquear la visi\u00f3n en \u00e1ngulos de 30\u00b0 o superiores<\/strong>, gracias a su composici\u00f3n se adhieren perfectamente en los bordes y pliegues, evitando que se despeguen.<\/p>\t\t\t\t\t\t\t\t<\/div>\n\t\t\t\t<\/div>\n\t\t<div class=\"elementor-element elementor-element-0d36df4 e-con-full e-flex e-con e-child\" data-id=\"0d36df4\" data-element_type=\"container\" data-e-type=\"container\">\n\t\t<div class=\"elementor-element elementor-element-8ecc488 e-con-full e-flex e-con e-child\" data-id=\"8ecc488\" data-element_type=\"container\" data-e-type=\"container\">\n\t\t\t\t<div class=\"elementor-element elementor-element-6cdde1f elementor-widget elementor-widget-image\" data-id=\"6cdde1f\" data-element_type=\"widget\" data-e-type=\"widget\" data-widget_type=\"image.default\">\n\t\t\t\t<div class=\"elementor-widget-container\">\n\t\t\t\t\t\t\t\t\t\t\t\t\t\t\t<img fetchpriority=\"high\" decoding=\"async\" width=\"550\" height=\"550\" src=\"https:\/\/hydroglass.com.ar\/clientes\/wp-content\/uploads\/2026\/03\/Icono-web_AE-UHD-UHD.png\" class=\"attachment-large size-large wp-image-10606\" alt=\"\" srcset=\"https:\/\/hydroglass.com.ar\/clientes\/wp-content\/uploads\/2026\/03\/Icono-web_AE-UHD-UHD.png 550w, https:\/\/hydroglass.com.ar\/clientes\/wp-content\/uploads\/2026\/03\/Icono-web_AE-UHD-UHD-300x300.png 300w, https:\/\/hydroglass.com.ar\/clientes\/wp-content\/uploads\/2026\/03\/Icono-web_AE-UHD-UHD-150x150.png 150w, https:\/\/hydroglass.com.ar\/clientes\/wp-content\/uploads\/2026\/03\/Icono-web_AE-UHD-UHD-100x100.png 100w\" sizes=\"(max-width: 550px) 100vw, 550px\" \/>\t\t\t\t\t\t\t\t\t\t\t\t\t\t\t<\/div>\n\t\t\t\t<\/div>\n\t\t\t\t<div class=\"elementor-element elementor-element-3f4673d elementor-widget elementor-widget-text-editor\" data-id=\"3f4673d\" data-element_type=\"widget\" data-e-type=\"widget\" data-widget_type=\"text-editor.default\">\n\t\t\t\t<div class=\"elementor-widget-container\">\n\t\t\t\t\t\t\t\t\t<p>Calidad UltraHD<\/p>\t\t\t\t\t\t\t\t<\/div>\n\t\t\t\t<\/div>\n\t\t\t\t<\/div>\n\t\t<div class=\"elementor-element elementor-element-7ec4247 e-con-full e-flex e-con e-child\" data-id=\"7ec4247\" data-element_type=\"container\" data-e-type=\"container\">\n\t\t\t\t<div class=\"elementor-element elementor-element-e1e1a3c elementor-widget elementor-widget-image\" data-id=\"e1e1a3c\" data-element_type=\"widget\" data-e-type=\"widget\" data-widget_type=\"image.default\">\n\t\t\t\t<div class=\"elementor-widget-container\">\n\t\t\t\t\t\t\t\t\t\t\t\t\t\t\t<img decoding=\"async\" width=\"550\" height=\"550\" src=\"https:\/\/hydroglass.com.ar\/clientes\/wp-content\/uploads\/2026\/03\/Icono-web_AE-UHD-no-lee-huella.png\" class=\"attachment-large size-large wp-image-10604\" alt=\"\" srcset=\"https:\/\/hydroglass.com.ar\/clientes\/wp-content\/uploads\/2026\/03\/Icono-web_AE-UHD-no-lee-huella.png 550w, https:\/\/hydroglass.com.ar\/clientes\/wp-content\/uploads\/2026\/03\/Icono-web_AE-UHD-no-lee-huella-300x300.png 300w, https:\/\/hydroglass.com.ar\/clientes\/wp-content\/uploads\/2026\/03\/Icono-web_AE-UHD-no-lee-huella-150x150.png 150w, https:\/\/hydroglass.com.ar\/clientes\/wp-content\/uploads\/2026\/03\/Icono-web_AE-UHD-no-lee-huella-100x100.png 100w\" sizes=\"(max-width: 550px) 100vw, 550px\" \/>\t\t\t\t\t\t\t\t\t\t\t\t\t\t\t<\/div>\n\t\t\t\t<\/div>\n\t\t\t\t<div class=\"elementor-element elementor-element-d4c18d6 elementor-widget elementor-widget-text-editor\" data-id=\"d4c18d6\" data-element_type=\"widget\" data-e-type=\"widget\" data-widget_type=\"text-editor.default\">\n\t\t\t\t<div class=\"elementor-widget-container\">\n\t\t\t\t\t\t\t\t\t<p>No lee Huella<\/p>\t\t\t\t\t\t\t\t<\/div>\n\t\t\t\t<\/div>\n\t\t\t\t<\/div>\n\t\t<div class=\"elementor-element elementor-element-1cbfa43 e-con-full e-flex e-con e-child\" data-id=\"1cbfa43\" data-element_type=\"container\" data-e-type=\"container\">\n\t\t\t\t<div class=\"elementor-element elementor-element-b3bbc0f elementor-widget elementor-widget-image\" data-id=\"b3bbc0f\" data-element_type=\"widget\" data-e-type=\"widget\" data-widget_type=\"image.default\">\n\t\t\t\t<div class=\"elementor-widget-container\">\n\t\t\t\t\t\t\t\t\t\t\t\t\t\t\t<img decoding=\"async\" width=\"550\" height=\"550\" src=\"https:\/\/hydroglass.com.ar\/clientes\/wp-content\/uploads\/2026\/03\/Icono-web_AE-UHD-anti-espia.png\" class=\"attachment-large size-large wp-image-10602\" alt=\"\" srcset=\"https:\/\/hydroglass.com.ar\/clientes\/wp-content\/uploads\/2026\/03\/Icono-web_AE-UHD-anti-espia.png 550w, https:\/\/hydroglass.com.ar\/clientes\/wp-content\/uploads\/2026\/03\/Icono-web_AE-UHD-anti-espia-300x300.png 300w, https:\/\/hydroglass.com.ar\/clientes\/wp-content\/uploads\/2026\/03\/Icono-web_AE-UHD-anti-espia-150x150.png 150w, https:\/\/hydroglass.com.ar\/clientes\/wp-content\/uploads\/2026\/03\/Icono-web_AE-UHD-anti-espia-100x100.png 100w\" sizes=\"(max-width: 550px) 100vw, 550px\" \/>\t\t\t\t\t\t\t\t\t\t\t\t\t\t\t<\/div>\n\t\t\t\t<\/div>\n\t\t\t\t<div class=\"elementor-element elementor-element-bb7b7fc elementor-widget elementor-widget-text-editor\" data-id=\"bb7b7fc\" data-element_type=\"widget\" data-e-type=\"widget\" data-widget_type=\"text-editor.default\">\n\t\t\t\t<div class=\"elementor-widget-container\">\n\t\t\t\t\t\t\t\t\t<p>Bloquea la Visi\u00f3n<\/p>\t\t\t\t\t\t\t\t<\/div>\n\t\t\t\t<\/div>\n\t\t\t\t<\/div>\n\t\t<div class=\"elementor-element elementor-element-a717fee e-con-full e-flex e-con e-child\" data-id=\"a717fee\" data-element_type=\"container\" data-e-type=\"container\">\n\t\t\t\t<div class=\"elementor-element elementor-element-50fc1e2 elementor-widget elementor-widget-image\" data-id=\"50fc1e2\" data-element_type=\"widget\" data-e-type=\"widget\" data-widget_type=\"image.default\">\n\t\t\t\t<div class=\"elementor-widget-container\">\n\t\t\t\t\t\t\t\t\t\t\t\t\t\t\t<img fetchpriority=\"high\" decoding=\"async\" width=\"550\" height=\"550\" src=\"https:\/\/hydroglass.com.ar\/clientes\/wp-content\/uploads\/2026\/03\/Icono-web_AE-UHD-UHD.png\" class=\"attachment-large size-large wp-image-10606\" alt=\"\" srcset=\"https:\/\/hydroglass.com.ar\/clientes\/wp-content\/uploads\/2026\/03\/Icono-web_AE-UHD-UHD.png 550w, https:\/\/hydroglass.com.ar\/clientes\/wp-content\/uploads\/2026\/03\/Icono-web_AE-UHD-UHD-300x300.png 300w, https:\/\/hydroglass.com.ar\/clientes\/wp-content\/uploads\/2026\/03\/Icono-web_AE-UHD-UHD-150x150.png 150w, https:\/\/hydroglass.com.ar\/clientes\/wp-content\/uploads\/2026\/03\/Icono-web_AE-UHD-UHD-100x100.png 100w\" sizes=\"(max-width: 550px) 100vw, 550px\" \/>\t\t\t\t\t\t\t\t\t\t\t\t\t\t\t<\/div>\n\t\t\t\t<\/div>\n\t\t\t\t<div class=\"elementor-element elementor-element-80b348a elementor-widget elementor-widget-text-editor\" data-id=\"80b348a\" data-element_type=\"widget\" data-e-type=\"widget\" data-widget_type=\"text-editor.default\">\n\t\t\t\t<div class=\"elementor-widget-container\">\n\t\t\t\t\t\t\t\t\t<p>Acabado Brillante<\/p>\t\t\t\t\t\t\t\t<\/div>\n\t\t\t\t<\/div>\n\t\t\t\t<\/div>\n\t\t\t\t<\/div>\n\t\t\t\t<\/div>\n\t\t<div class=\"elementor-element elementor-element-f37bdba e-con-full e-flex e-con e-child\" data-id=\"f37bdba\" data-element_type=\"container\" data-e-type=\"container\">\n\t\t\t\t<div class=\"elementor-element elementor-element-0e6694f elementor-widget elementor-widget-image\" data-id=\"0e6694f\" data-element_type=\"widget\" data-e-type=\"widget\" data-widget_type=\"image.default\">\n\t\t\t\t<div class=\"elementor-widget-container\">\n\t\t\t\t\t\t\t\t\t\t\t\t\t\t\t<img loading=\"lazy\" decoding=\"async\" width=\"765\" height=\"1024\" src=\"https:\/\/hydroglass.com.ar\/clientes\/wp-content\/uploads\/2026\/03\/AE-UHD-2.jpg\" class=\"attachment-large size-large wp-image-10599\" alt=\"\" srcset=\"https:\/\/hydroglass.com.ar\/clientes\/wp-content\/uploads\/2026\/03\/AE-UHD-2.jpg 765w, https:\/\/hydroglass.com.ar\/clientes\/wp-content\/uploads\/2026\/03\/AE-UHD-2-224x300.jpg 224w, https:\/\/hydroglass.com.ar\/clientes\/wp-content\/uploads\/2026\/03\/AE-UHD-2-600x803.jpg 600w\" sizes=\"(max-width: 765px) 100vw, 765px\" \/>\t\t\t\t\t\t\t\t\t\t\t\t\t\t\t<\/div>\n\t\t\t\t<\/div>\n\t\t\t\t<\/div>\n\t\t\t\t\t<\/div>\n\t\t\t\t<\/div>\n\t\t<div class=\"elementor-element elementor-element-93e1b25 e-flex e-con-boxed e-con e-parent\" data-id=\"93e1b25\" data-element_type=\"container\" data-e-type=\"container\">\n\t\t\t\t\t<div class=\"e-con-inner\">\n\t\t<div class=\"elementor-element elementor-element-14bcd9d e-con-full e-flex e-con e-child\" data-id=\"14bcd9d\" data-element_type=\"container\" data-e-type=\"container\">\n\t\t\t\t<div class=\"elementor-element elementor-element-bf44e91 elementor-widget elementor-widget-image\" data-id=\"bf44e91\" data-element_type=\"widget\" data-e-type=\"widget\" data-widget_type=\"image.default\">\n\t\t\t\t<div class=\"elementor-widget-container\">\n\t\t\t\t\t\t\t\t\t\t\t\t\t\t\t<img loading=\"lazy\" decoding=\"async\" width=\"768\" height=\"509\" src=\"https:\/\/hydroglass.com.ar\/clientes\/wp-content\/uploads\/2026\/02\/AntiEspiaUHD-productos.png\" class=\"attachment-large size-large wp-image-10576\" alt=\"\" srcset=\"https:\/\/hydroglass.com.ar\/clientes\/wp-content\/uploads\/2026\/02\/AntiEspiaUHD-productos.png 768w, https:\/\/hydroglass.com.ar\/clientes\/wp-content\/uploads\/2026\/02\/AntiEspiaUHD-productos-300x199.png 300w, https:\/\/hydroglass.com.ar\/clientes\/wp-content\/uploads\/2026\/02\/AntiEspiaUHD-productos-600x398.png 600w\" sizes=\"(max-width: 768px) 100vw, 768px\" \/>\t\t\t\t\t\t\t\t\t\t\t\t\t\t\t<\/div>\n\t\t\t\t<\/div>\n\t\t\t\t<\/div>\n\t\t<div class=\"elementor-element elementor-element-9d09263 e-con-full e-flex e-con e-child\" data-id=\"9d09263\" data-element_type=\"container\" data-e-type=\"container\">\n\t\t\t\t<div class=\"elementor-element elementor-element-3d15d21 elementor-widget elementor-widget-heading\" data-id=\"3d15d21\" data-element_type=\"widget\" data-e-type=\"widget\" data-widget_type=\"heading.default\">\n\t\t\t\t<div class=\"elementor-widget-container\">\n\t\t\t\t\t<h2 class=\"elementor-heading-title elementor-size-default\">Especificaciones<\/h2>\t\t\t\t<\/div>\n\t\t\t\t<\/div>\n\t\t\t\t<div class=\"elementor-element elementor-element-e11f674 elementor-widget elementor-widget-text-editor\" data-id=\"e11f674\" data-element_type=\"widget\" data-e-type=\"widget\" data-widget_type=\"text-editor.default\">\n\t\t\t\t<div class=\"elementor-widget-container\">\n\t\t\t\t\t\t\t\t\t<p><strong>Presentaci\u00f3n:<\/strong><br \/>Pack de 25 unidades<\/p><p><strong>Ideal para:<\/strong><\/p><ul><li>Cualquier cliente que desee proteger el contenido de su pantalla de la vista de otros clientes.<\/li><li>Valore el acabado Brillante (Glossy)<\/li><li>No utilice la huella en pantalla como sistema de desbloqueo<\/li><\/ul><p><strong>Tama\u00f1o m\u00e1ximo de pantalla:<\/strong><br \/>Hasta 7&#8242;<\/p>\t\t\t\t\t\t\t\t<\/div>\n\t\t\t\t<\/div>\n\t\t\t\t<\/div>\n\t\t\t\t\t<\/div>\n\t\t\t\t<\/div>\n\t\t<div class=\"elementor-element elementor-element-2e0772f e-flex e-con-boxed e-con e-parent\" data-id=\"2e0772f\" data-element_type=\"container\" data-e-type=\"container\" data-settings=\"{&quot;background_background&quot;:&quot;classic&quot;}\">\n\t\t\t\t\t<div class=\"e-con-inner\">\n\t\t\t\t<div class=\"elementor-element elementor-element-455a92e elementor-widget elementor-widget-heading\" data-id=\"455a92e\" data-element_type=\"widget\" data-e-type=\"widget\" data-widget_type=\"heading.default\">\n\t\t\t\t<div class=\"elementor-widget-container\">\n\t\t\t\t\t<h2 class=\"elementor-heading-title elementor-size-default\">Tutoriales<\/h2>\t\t\t\t<\/div>\n\t\t\t\t<\/div>\n\t\t\t\t\t<\/div>\n\t\t\t\t<\/div>\n\t\t<div class=\"elementor-element elementor-element-4b9eedb e-flex e-con-boxed e-con e-parent\" data-id=\"4b9eedb\" data-element_type=\"container\" data-e-type=\"container\" data-settings=\"{&quot;background_background&quot;:&quot;classic&quot;}\">\n\t\t\t\t\t<div class=\"e-con-inner\">\n\t\t<div class=\"elementor-element elementor-element-ba73221 e-con-full e-flex e-con e-child\" data-id=\"ba73221\" data-element_type=\"container\" data-e-type=\"container\">\n\t\t\t\t<div class=\"elementor-element elementor-element-e930529 elementor-widget elementor-widget-heading\" data-id=\"e930529\" data-element_type=\"widget\" data-e-type=\"widget\" data-widget_type=\"heading.default\">\n\t\t\t\t<div class=\"elementor-widget-container\">\n\t\t\t\t\t<h4 class=\"elementor-heading-title elementor-size-default\">Colocaci\u00f3n<\/h4>\t\t\t\t<\/div>\n\t\t\t\t<\/div>\n\t\t\t\t<div class=\"elementor-element elementor-element-1a41bd1 elementor-widget elementor-widget-video\" data-id=\"1a41bd1\" data-element_type=\"widget\" data-e-type=\"widget\" data-settings=\"{&quot;youtube_url&quot;:&quot;https:\\\/\\\/youtu.be\\\/Z6rzmk-v7iU?si=ttkTcYqadbD0x114&quot;,&quot;video_type&quot;:&quot;youtube&quot;,&quot;controls&quot;:&quot;yes&quot;}\" data-widget_type=\"video.default\">\n\t\t\t\t<div class=\"elementor-widget-container\">\n\t\t\t\t\t\t\t<div class=\"elementor-wrapper elementor-open-inline\">\n\t\t\t<div class=\"elementor-video\"><\/div>\t\t<\/div>\n\t\t\t\t\t\t<\/div>\n\t\t\t\t<\/div>\n\t\t\t\t<\/div>\n\t\t\t\t\t<\/div>\n\t\t\t\t<\/div>\n\t\t<div class=\"elementor-element elementor-element-b034262 e-flex e-con-boxed e-con e-parent\" data-id=\"b034262\" data-element_type=\"container\" data-e-type=\"container\">\n\t\t\t\t\t<div class=\"e-con-inner\">\n\t\t<div class=\"elementor-element elementor-element-8572bfe e-con-full e-flex e-con e-child\" data-id=\"8572bfe\" data-element_type=\"container\" data-e-type=\"container\">\n\t\t\t\t<div class=\"elementor-element elementor-element-91a6265 elementor-widget elementor-widget-image\" data-id=\"91a6265\" data-element_type=\"widget\" data-e-type=\"widget\" data-widget_type=\"image.default\">\n\t\t\t\t<div class=\"elementor-widget-container\">\n\t\t\t\t\t\t\t\t\t\t\t\t\t\t\t<img loading=\"lazy\" decoding=\"async\" width=\"800\" height=\"530\" src=\"https:\/\/hydroglass.com.ar\/clientes\/wp-content\/uploads\/2026\/02\/Banner-Antiespia-UHD-1024x678.jpg\" class=\"attachment-large size-large wp-image-10563\" alt=\"\" srcset=\"https:\/\/hydroglass.com.ar\/clientes\/wp-content\/uploads\/2026\/02\/Banner-Antiespia-UHD-1024x678.jpg 1024w, https:\/\/hydroglass.com.ar\/clientes\/wp-content\/uploads\/2026\/02\/Banner-Antiespia-UHD-300x199.jpg 300w, https:\/\/hydroglass.com.ar\/clientes\/wp-content\/uploads\/2026\/02\/Banner-Antiespia-UHD-768x509.jpg 768w, https:\/\/hydroglass.com.ar\/clientes\/wp-content\/uploads\/2026\/02\/Banner-Antiespia-UHD-600x398.jpg 600w, https:\/\/hydroglass.com.ar\/clientes\/wp-content\/uploads\/2026\/02\/Banner-Antiespia-UHD.jpg 1200w\" sizes=\"(max-width: 800px) 100vw, 800px\" \/>\t\t\t\t\t\t\t\t\t\t\t\t\t\t\t<\/div>\n\t\t\t\t<\/div>\n\t\t\t\t<\/div>\n\t\t<div class=\"elementor-element elementor-element-73776e8 e-con-full e-flex e-con e-child\" data-id=\"73776e8\" data-element_type=\"container\" data-e-type=\"container\">\n\t\t\t\t<div class=\"elementor-element elementor-element-a30bf4c elementor-position-inline-start elementor-view-default elementor-mobile-position-block-start elementor-widget elementor-widget-icon-box\" data-id=\"a30bf4c\" data-element_type=\"widget\" data-e-type=\"widget\" data-widget_type=\"icon-box.default\">\n\t\t\t\t<div class=\"elementor-widget-container\">\n\t\t\t\t\t\t\t<div class=\"elementor-icon-box-wrapper\">\n\n\t\t\t\t\t\t<div class=\"elementor-icon-box-icon\">\n\t\t\t\t<span  class=\"elementor-icon\">\n\t\t\t\t<svg aria-hidden=\"true\" class=\"e-font-icon-svg e-far-folder-open\" viewBox=\"0 0 576 512\" xmlns=\"http:\/\/www.w3.org\/2000\/svg\"><path d=\"M527.9 224H480v-48c0-26.5-21.5-48-48-48H272l-64-64H48C21.5 64 0 85.5 0 112v288c0 26.5 21.5 48 48 48h400c16.5 0 31.9-8.5 40.7-22.6l79.9-128c20-31.9-3-73.4-40.7-73.4zM48 118c0-3.3 2.7-6 6-6h134.1l64 64H426c3.3 0 6 2.7 6 6v42H152c-16.8 0-32.4 8.8-41.1 23.2L48 351.4zm400 282H72l77.2-128H528z\"><\/path><\/svg>\t\t\t\t<\/span>\n\t\t\t<\/div>\n\t\t\t\n\t\t\t\t\t\t<div class=\"elementor-icon-box-content\">\n\n\t\t\t\t\t\t\t\t\t<h3 class=\"elementor-icon-box-title\">\n\t\t\t\t\t\t<span  >\n\t\t\t\t\t\t\tDescargas\t\t\t\t\t\t<\/span>\n\t\t\t\t\t<\/h3>\n\t\t\t\t\n\t\t\t\t\n\t\t\t<\/div>\n\t\t\t\n\t\t<\/div>\n\t\t\t\t\t\t<\/div>\n\t\t\t\t<\/div>\n\t\t\t\t<div class=\"elementor-element elementor-element-4502af3 elementor-icon-list--layout-traditional elementor-list-item-link-full_width elementor-widget elementor-widget-icon-list\" data-id=\"4502af3\" data-element_type=\"widget\" data-e-type=\"widget\" data-widget_type=\"icon-list.default\">\n\t\t\t\t<div class=\"elementor-widget-container\">\n\t\t\t\t\t\t\t<ul class=\"elementor-icon-list-items\">\n\t\t\t\t\t\t\t<li class=\"elementor-icon-list-item\">\n\t\t\t\t\t\t\t\t\t\t\t<span class=\"elementor-icon-list-icon\">\n\t\t\t\t\t\t\t<svg aria-hidden=\"true\" class=\"e-font-icon-svg e-far-arrow-alt-circle-down\" viewBox=\"0 0 512 512\" xmlns=\"http:\/\/www.w3.org\/2000\/svg\"><path d=\"M256 8C119 8 8 119 8 256s111 248 248 248 248-111 248-248S393 8 256 8zm0 448c-110.5 0-200-89.5-200-200S145.5 56 256 56s200 89.5 200 200-89.5 200-200 200zm-32-316v116h-67c-10.7 0-16 12.9-8.5 20.5l99 99c4.7 4.7 12.3 4.7 17 0l99-99c7.6-7.6 2.2-20.5-8.5-20.5h-67V140c0-6.6-5.4-12-12-12h-40c-6.6 0-12 5.4-12 12z\"><\/path><\/svg>\t\t\t\t\t\t<\/span>\n\t\t\t\t\t\t\t\t\t\t<span class=\"elementor-icon-list-text\">Material para redes sociales<\/span>\n\t\t\t\t\t\t\t\t\t<\/li>\n\t\t\t\t\t\t<\/ul>\n\t\t\t\t\t\t<\/div>\n\t\t\t\t<\/div>\n\t\t\t\t<\/div>\n\t\t\t\t\t<\/div>\n\t\t\t\t<\/div>\n\t\t<div class=\"elementor-element elementor-element-fc2b18a e-flex e-con-boxed e-con e-parent\" data-id=\"fc2b18a\" data-element_type=\"container\" data-e-type=\"container\" data-settings=\"{&quot;background_background&quot;:&quot;classic&quot;}\">\n\t\t\t\t\t<div class=\"e-con-inner\">\n\t\t<div class=\"elementor-element elementor-element-597510d e-con-full e-flex e-con e-child\" data-id=\"597510d\" data-element_type=\"container\" data-e-type=\"container\">\n\t\t\t\t<div class=\"elementor-element elementor-element-fca3099 elementor-widget elementor-widget-image\" data-id=\"fca3099\" data-element_type=\"widget\" data-e-type=\"widget\" data-widget_type=\"image.default\">\n\t\t\t\t<div class=\"elementor-widget-container\">\n\t\t\t\t\t\t\t\t\t\t\t\t\t\t\t<img loading=\"lazy\" decoding=\"async\" width=\"500\" height=\"500\" src=\"https:\/\/hydroglass.com.ar\/clientes\/wp-content\/uploads\/2024\/06\/anti-espia-uhd.png\" class=\"attachment-large size-large wp-image-4265\" alt=\"\" srcset=\"https:\/\/hydroglass.com.ar\/clientes\/wp-content\/uploads\/2024\/06\/anti-espia-uhd.png 500w, https:\/\/hydroglass.com.ar\/clientes\/wp-content\/uploads\/2024\/06\/anti-espia-uhd-300x300.png 300w, https:\/\/hydroglass.com.ar\/clientes\/wp-content\/uploads\/2024\/06\/anti-espia-uhd-150x150.png 150w, https:\/\/hydroglass.com.ar\/clientes\/wp-content\/uploads\/2024\/06\/anti-espia-uhd-100x100.png 100w\" sizes=\"(max-width: 500px) 100vw, 500px\" \/>\t\t\t\t\t\t\t\t\t\t\t\t\t\t\t<\/div>\n\t\t\t\t<\/div>\n\t\t\t\t<\/div>\n\t\t<div class=\"elementor-element elementor-element-4af477d e-con-full e-flex e-con e-child\" data-id=\"4af477d\" data-element_type=\"container\" data-e-type=\"container\">\n\t\t\t\t<div class=\"elementor-element elementor-element-ff1bc65 elementor-widget elementor-widget-heading\" data-id=\"ff1bc65\" data-element_type=\"widget\" data-e-type=\"widget\" data-widget_type=\"heading.default\">\n\t\t\t\t<div class=\"elementor-widget-container\">\n\t\t\t\t\t<h2 class=\"elementor-heading-title elementor-size-default\">Adquir\u00ed ahora tu pack de l\u00e1minas Anti Esp\u00eda UltraHD<\/h2>\t\t\t\t<\/div>\n\t\t\t\t<\/div>\n\t\t\t\t<div class=\"elementor-element elementor-element-0af89f7 elementor-mobile-align-center elementor-widget elementor-widget-button\" data-id=\"0af89f7\" data-element_type=\"widget\" data-e-type=\"widget\" data-widget_type=\"button.default\">\n\t\t\t\t<div class=\"elementor-widget-container\">\n\t\t\t\t\t\t\t\t\t<div class=\"elementor-button-wrapper\">\n\t\t\t\t\t<a class=\"elementor-button elementor-button-link elementor-size-sm\" href=\"https:\/\/hydroglass.com.ar\/clientes\/producto\/anti-espia-ultrahd-25-laminas\/\">\n\t\t\t\t\t\t<span class=\"elementor-button-content-wrapper\">\n\t\t\t\t\t\t\t\t\t<span class=\"elementor-button-text\">Ir a tienda<\/span>\n\t\t\t\t\t<\/span>\n\t\t\t\t\t<\/a>\n\t\t\t\t<\/div>\n\t\t\t\t\t\t\t\t<\/div>\n\t\t\t\t<\/div>\n\t\t\t\t<\/div>\n\t\t\t\t\t<\/div>\n\t\t\t\t<\/div>\n\t\t\t\t<\/div>\n\t\t","protected":false},"excerpt":{"rendered":"<p>ANTI ESP\u00cdA ULTRAHD Privacidad y definici\u00f3n La mejor protecci\u00f3n contra golpes y de miradas indiscretas. Las l\u00e1minas Anti Esp\u00eda bloquea la visi\u00f3n en \u00e1ngulos de 30\u00b0 o mayores. Comprar \u00bfCuando ofrecer una l\u00e1mina Anti Esp\u00eda UltraHD? Las l\u00e1minas Anti Esp\u00eda est\u00e1n especialmente creadas para bloquear la visi\u00f3n en \u00e1ngulos de 30\u00b0 o superiores, gracias a [&hellip;]<\/p>\n","protected":false},"author":1345,"featured_media":0,"parent":0,"menu_order":0,"comment_status":"closed","ping_status":"closed","template":"","meta":{"_acf_changed":false,"footnotes":""},"class_list":["post-10541","page","type-page","status-publish","hentry"],"acf":[],"_links":{"self":[{"href":"https:\/\/hydroglass.com.ar\/clientes\/wp-json\/wp\/v2\/pages\/10541","targetHints":{"allow":["GET"]}}],"collection":[{"href":"https:\/\/hydroglass.com.ar\/clientes\/wp-json\/wp\/v2\/pages"}],"about":[{"href":"https:\/\/hydroglass.com.ar\/clientes\/wp-json\/wp\/v2\/types\/page"}],"author":[{"embeddable":true,"href":"https:\/\/hydroglass.com.ar\/clientes\/wp-json\/wp\/v2\/users\/1345"}],"replies":[{"embeddable":true,"href":"https:\/\/hydroglass.com.ar\/clientes\/wp-json\/wp\/v2\/comments?post=10541"}],"version-history":[{"count":15,"href":"https:\/\/hydroglass.com.ar\/clientes\/wp-json\/wp\/v2\/pages\/10541\/revisions"}],"predecessor-version":[{"id":11015,"href":"https:\/\/hydroglass.com.ar\/clientes\/wp-json\/wp\/v2\/pages\/10541\/revisions\/11015"}],"wp:attachment":[{"href":"https:\/\/hydroglass.com.ar\/clientes\/wp-json\/wp\/v2\/media?parent=10541"}],"curies":[{"name":"wp","href":"https:\/\/api.w.org\/{rel}","templated":true}]}}